{"id":8786,"date":"2023-09-13T14:16:44","date_gmt":"2023-09-13T12:16:44","guid":{"rendered":"https:\/\/kockerols-gemuese.de\/product\/eichblattsalat-raisa\/"},"modified":"2023-09-13T14:16:44","modified_gmt":"2023-09-13T12:16:44","slug":"eichblattsalat-raisa","status":"publish","type":"product","link":"https:\/\/kockerols-gemuese.de\/de\/produkt\/eichblattsalat-raisa\/","title":{"rendered":"Eichblattsalat \/ Raisa"},"content":{"rendered":"","protected":false},"excerpt":{"rendered":"<p>Der Eichblattsalat ist nach seinen langen, schmalen, gezackten Bl\u00e4ttern benannt, die der Form von Eichenbl\u00e4ttern \u00e4hneln. Es gibt sowohl rote als auch gr\u00fcne Sorten. Eichblattsalat gilt als Schnittsalat; er bildet keine geschlossenen K\u00f6pfe, sondern w\u00e4chst in offenen Rosetten. Seine extrem zarten Bl\u00e4tter machen ihn recht verderblich, sodass er im K\u00fchlschrank meist nur etwa einen Tag haltbar ist. Geschmacklich ist er herzhafter als gew\u00f6hnlicher Kopfsalat und erinnert oft dezent an junge Haseln\u00fcsse.    <\/p>\n<p>Quelle: CMA<\/p>\n","protected":false},"featured_media":8320,"template":"","meta":{"inline_featured_image":false},"product_brand":[],"product_cat":[164],"product_tag":[],"class_list":{"0":"post-8786","1":"product","2":"type-product","3":"status-publish","4":"has-post-thumbnail","6":"product_cat-frischeprodukte","8":"first","9":"instock","10":"shipping-taxable","11":"product-type-simple"},"_links":{"self":[{"href":"https:\/\/kockerols-gemuese.de\/de\/wp-json\/wp\/v2\/product\/8786","targetHints":{"allow":["GET"]}}],"collection":[{"href":"https:\/\/kockerols-gemuese.de\/de\/wp-json\/wp\/v2\/product"}],"about":[{"href":"https:\/\/kockerols-gemuese.de\/de\/wp-json\/wp\/v2\/types\/product"}],"wp:featuredmedia":[{"embeddable":true,"href":"https:\/\/kockerols-gemuese.de\/de\/wp-json\/wp\/v2\/media\/8320"}],"wp:attachment":[{"href":"https:\/\/kockerols-gemuese.de\/de\/wp-json\/wp\/v2\/media?parent=8786"}],"wp:term":[{"taxonomy":"product_brand","embeddable":true,"href":"https:\/\/kockerols-gemuese.de\/de\/wp-json\/wp\/v2\/product_brand?post=8786"},{"taxonomy":"product_cat","embeddable":true,"href":"https:\/\/kockerols-gemuese.de\/de\/wp-json\/wp\/v2\/product_cat?post=8786"},{"taxonomy":"product_tag","embeddable":true,"href":"https:\/\/kockerols-gemuese.de\/de\/wp-json\/wp\/v2\/product_tag?post=8786"}],"curies":[{"name":"wp","href":"https:\/\/api.w.org\/{rel}","templated":true}]}}