{"id":8784,"date":"2023-09-13T14:15:32","date_gmt":"2023-09-13T12:15:32","guid":{"rendered":"https:\/\/kockerols-gemuese.de\/product\/romanasalat\/"},"modified":"2023-09-13T14:15:32","modified_gmt":"2023-09-13T12:15:32","slug":"romanasalat","status":"publish","type":"product","link":"https:\/\/kockerols-gemuese.de\/de\/produkt\/romanasalat\/","title":{"rendered":"Romanasalat"},"content":{"rendered":"","protected":false},"excerpt":{"rendered":"<p>Beim R\u00f6mersalat, auch Romanasalat oder Sommerendivie genannt, wachsen die festen, dennoch d\u00fcnnen Bl\u00e4tter steil aufrecht und bilden einen langen, lockeren Kopf. Die Blattstruktur erinnert durch die ausgepr\u00e4gten Blattrippen etwas an Wirsing, w\u00e4hrend die Farbe von Gr\u00fcn bis Dunkelbraun oder R\u00f6tlich variieren kann. R\u00f6mersalat ist knackig, saftig und hat einen kr\u00e4ftigen, leicht bitteren Geschmack. Die roten Sorten sind zarter und milder im Aroma. Diesen vitaminreichen Salat genie\u00dfen Sie nicht nur roh, sondern auch ged\u00fcnstet.    <\/p>\n<p>Quelle: CMA<\/p>\n","protected":false},"featured_media":8323,"template":"","meta":{"inline_featured_image":false},"product_brand":[],"product_cat":[164],"product_tag":[],"class_list":{"0":"post-8784","1":"product","2":"type-product","3":"status-publish","4":"has-post-thumbnail","6":"product_cat-frischeprodukte","8":"first","9":"instock","10":"shipping-taxable","11":"product-type-simple"},"_links":{"self":[{"href":"https:\/\/kockerols-gemuese.de\/de\/wp-json\/wp\/v2\/product\/8784","targetHints":{"allow":["GET"]}}],"collection":[{"href":"https:\/\/kockerols-gemuese.de\/de\/wp-json\/wp\/v2\/product"}],"about":[{"href":"https:\/\/kockerols-gemuese.de\/de\/wp-json\/wp\/v2\/types\/product"}],"wp:featuredmedia":[{"embeddable":true,"href":"https:\/\/kockerols-gemuese.de\/de\/wp-json\/wp\/v2\/media\/8323"}],"wp:attachment":[{"href":"https:\/\/kockerols-gemuese.de\/de\/wp-json\/wp\/v2\/media?parent=8784"}],"wp:term":[{"taxonomy":"product_brand","embeddable":true,"href":"https:\/\/kockerols-gemuese.de\/de\/wp-json\/wp\/v2\/product_brand?post=8784"},{"taxonomy":"product_cat","embeddable":true,"href":"https:\/\/kockerols-gemuese.de\/de\/wp-json\/wp\/v2\/product_cat?post=8784"},{"taxonomy":"product_tag","embeddable":true,"href":"https:\/\/kockerols-gemuese.de\/de\/wp-json\/wp\/v2\/product_tag?post=8784"}],"curies":[{"name":"wp","href":"https:\/\/api.w.org\/{rel}","templated":true}]}}