{"id":8782,"date":"2023-09-13T14:14:47","date_gmt":"2023-09-13T12:14:47","guid":{"rendered":"https:\/\/kockerols-gemuese.de\/product\/salat\/"},"modified":"2023-09-13T14:14:47","modified_gmt":"2023-09-13T12:14:47","slug":"salat","status":"publish","type":"product","link":"https:\/\/kockerols-gemuese.de\/de\/produkt\/salat\/","title":{"rendered":"Salat"},"content":{"rendered":"","protected":false},"excerpt":{"rendered":"<p>Das am h\u00e4ufigsten verzehrte Blattgem\u00fcse neben dem Eisbergsalat ist der Kopfsalat, auch bekannt als Buttersalat. Er besitzt einen angenehm milden bis leicht bitteren Geschmack und enth\u00e4lt essentielle Mineralien und Vitamine. Seine Bl\u00e4tter sind zart, gro\u00dflappig, fein ge\u00e4dert und k\u00f6nnen entweder glatte R\u00e4nder oder feine Z\u00e4hnelungen aufweisen. Ern\u00e4hrungsphysiologisch zeichnet sich Kopfsalat durch seinen hohen Gehalt an sekund\u00e4ren Pflanzenstoffen aus, die \u00fcberwiegend in den \u00e4u\u00dferen Bl\u00e4ttern zu finden sind.   <\/p>\n<p>Quelle: CMA<\/p>\n","protected":false},"featured_media":7262,"template":"","meta":{"inline_featured_image":false},"product_brand":[],"product_cat":[164],"product_tag":[],"class_list":{"0":"post-8782","1":"product","2":"type-product","3":"status-publish","4":"has-post-thumbnail","6":"product_cat-frischeprodukte","8":"first","9":"instock","10":"shipping-taxable","11":"product-type-simple"},"_links":{"self":[{"href":"https:\/\/kockerols-gemuese.de\/de\/wp-json\/wp\/v2\/product\/8782","targetHints":{"allow":["GET"]}}],"collection":[{"href":"https:\/\/kockerols-gemuese.de\/de\/wp-json\/wp\/v2\/product"}],"about":[{"href":"https:\/\/kockerols-gemuese.de\/de\/wp-json\/wp\/v2\/types\/product"}],"wp:featuredmedia":[{"embeddable":true,"href":"https:\/\/kockerols-gemuese.de\/de\/wp-json\/wp\/v2\/media\/7262"}],"wp:attachment":[{"href":"https:\/\/kockerols-gemuese.de\/de\/wp-json\/wp\/v2\/media?parent=8782"}],"wp:term":[{"taxonomy":"product_brand","embeddable":true,"href":"https:\/\/kockerols-gemuese.de\/de\/wp-json\/wp\/v2\/product_brand?post=8782"},{"taxonomy":"product_cat","embeddable":true,"href":"https:\/\/kockerols-gemuese.de\/de\/wp-json\/wp\/v2\/product_cat?post=8782"},{"taxonomy":"product_tag","embeddable":true,"href":"https:\/\/kockerols-gemuese.de\/de\/wp-json\/wp\/v2\/product_tag?post=8782"}],"curies":[{"name":"wp","href":"https:\/\/api.w.org\/{rel}","templated":true}]}}