{"id":8780,"date":"2023-09-13T14:19:47","date_gmt":"2023-09-13T12:19:47","guid":{"rendered":"https:\/\/kockerols-gemuese.de\/product\/chinakohl\/"},"modified":"2023-09-13T14:19:47","modified_gmt":"2023-09-13T12:19:47","slug":"chinakohl","status":"publish","type":"product","link":"https:\/\/kockerols-gemuese.de\/de\/produkt\/chinakohl\/","title":{"rendered":"Chinakohl"},"content":{"rendered":"","protected":false},"excerpt":{"rendered":"<p>Chinakohl, auch bekannt als Napa-Kohl, hat fast das ganze Jahr \u00fcber Saison. Die K\u00f6pfe wiegen bis zu 1 kg und haben wei\u00df-gelbe bis gr\u00fcne, leicht gekr\u00e4uselte Bl\u00e4tter mit kr\u00e4ftigen wei\u00dfen Rippen. Er schmeckt knackig-frisch, mild sowie bek\u00f6mmlich und ist vielseitig einsetzbar \u2013 ob frisch im Salat, als Rohkost oder ged\u00fcnstet als Gem\u00fcse.  <\/p>\n<p>Chinakohl ist gesund. Er enth\u00e4lt wertvolle Vitamine, insbesondere Fols\u00e4ure, Vitamin B6 und Vitamin C, und ist reich an Mineralstoffen. Zudem enth\u00e4lt er die f\u00fcr viele Kohlarten typischen sekund\u00e4ren Pflanzenstoffe, welche die k\u00f6rpereigenen Abwehrkr\u00e4fte st\u00e4rken und zur Senkung des Cholesterinspiegels beitragen k\u00f6nnen.  <\/p>\n<p>Quelle: CMA<\/p>\n","protected":false},"featured_media":8311,"template":"","meta":{"inline_featured_image":false},"product_brand":[],"product_cat":[164],"product_tag":[],"class_list":{"0":"post-8780","1":"product","2":"type-product","3":"status-publish","4":"has-post-thumbnail","6":"product_cat-frischeprodukte","8":"first","9":"instock","10":"shipping-taxable","11":"product-type-simple"},"_links":{"self":[{"href":"https:\/\/kockerols-gemuese.de\/de\/wp-json\/wp\/v2\/product\/8780","targetHints":{"allow":["GET"]}}],"collection":[{"href":"https:\/\/kockerols-gemuese.de\/de\/wp-json\/wp\/v2\/product"}],"about":[{"href":"https:\/\/kockerols-gemuese.de\/de\/wp-json\/wp\/v2\/types\/product"}],"wp:featuredmedia":[{"embeddable":true,"href":"https:\/\/kockerols-gemuese.de\/de\/wp-json\/wp\/v2\/media\/8311"}],"wp:attachment":[{"href":"https:\/\/kockerols-gemuese.de\/de\/wp-json\/wp\/v2\/media?parent=8780"}],"wp:term":[{"taxonomy":"product_brand","embeddable":true,"href":"https:\/\/kockerols-gemuese.de\/de\/wp-json\/wp\/v2\/product_brand?post=8780"},{"taxonomy":"product_cat","embeddable":true,"href":"https:\/\/kockerols-gemuese.de\/de\/wp-json\/wp\/v2\/product_cat?post=8780"},{"taxonomy":"product_tag","embeddable":true,"href":"https:\/\/kockerols-gemuese.de\/de\/wp-json\/wp\/v2\/product_tag?post=8780"}],"curies":[{"name":"wp","href":"https:\/\/api.w.org\/{rel}","templated":true}]}}