{"id":8776,"date":"2023-09-13T14:16:17","date_gmt":"2023-09-13T12:16:17","guid":{"rendered":"https:\/\/kockerols-gemuese.de\/product\/lollo-bionda\/"},"modified":"2023-09-13T14:16:17","modified_gmt":"2023-09-13T12:16:17","slug":"lollo-bionda","status":"publish","type":"product","link":"https:\/\/kockerols-gemuese.de\/de\/produkt\/lollo-bionda\/","title":{"rendered":"Lollo Bionda"},"content":{"rendered":"","protected":false},"excerpt":{"rendered":"<p>Lollo Bionda und seine rotbl\u00e4ttrige Verwandte, Lollo Rossa, geh\u00f6ren zur Kategorie der Schnitt- und Pfl\u00fccksalate. Die einzelnen Bl\u00e4tter werden f\u00fcr den Verzehr gezupft oder geschnitten. Diese Pflanzen bilden stark gekr\u00e4uselte, dicke, fleischige Bl\u00e4tter aus, die sich um einen halbkugeligen Salatkopf anordnen. Sie haben ein nussiges Aroma und bleiben aufgrund ihrer festeren Bl\u00e4tter tendenziell l\u00e4nger frisch als die meisten anderen Salatsorten.   <\/p>\n<p>Quelle: CMA<\/p>\n","protected":false},"featured_media":8321,"template":"","meta":{"inline_featured_image":false},"product_brand":[],"product_cat":[164],"product_tag":[],"class_list":{"0":"post-8776","1":"product","2":"type-product","3":"status-publish","4":"has-post-thumbnail","6":"product_cat-frischeprodukte","8":"first","9":"instock","10":"shipping-taxable","11":"product-type-simple"},"_links":{"self":[{"href":"https:\/\/kockerols-gemuese.de\/de\/wp-json\/wp\/v2\/product\/8776","targetHints":{"allow":["GET"]}}],"collection":[{"href":"https:\/\/kockerols-gemuese.de\/de\/wp-json\/wp\/v2\/product"}],"about":[{"href":"https:\/\/kockerols-gemuese.de\/de\/wp-json\/wp\/v2\/types\/product"}],"wp:featuredmedia":[{"embeddable":true,"href":"https:\/\/kockerols-gemuese.de\/de\/wp-json\/wp\/v2\/media\/8321"}],"wp:attachment":[{"href":"https:\/\/kockerols-gemuese.de\/de\/wp-json\/wp\/v2\/media?parent=8776"}],"wp:term":[{"taxonomy":"product_brand","embeddable":true,"href":"https:\/\/kockerols-gemuese.de\/de\/wp-json\/wp\/v2\/product_brand?post=8776"},{"taxonomy":"product_cat","embeddable":true,"href":"https:\/\/kockerols-gemuese.de\/de\/wp-json\/wp\/v2\/product_cat?post=8776"},{"taxonomy":"product_tag","embeddable":true,"href":"https:\/\/kockerols-gemuese.de\/de\/wp-json\/wp\/v2\/product_tag?post=8776"}],"curies":[{"name":"wp","href":"https:\/\/api.w.org\/{rel}","templated":true}]}}