{"id":8774,"date":"2023-09-13T14:15:58","date_gmt":"2023-09-13T12:15:58","guid":{"rendered":"https:\/\/kockerols-gemuese.de\/product\/eisbergsalat\/"},"modified":"2023-09-13T14:15:58","modified_gmt":"2023-09-13T12:15:58","slug":"eisbergsalat","status":"publish","type":"product","link":"https:\/\/kockerols-gemuese.de\/de\/produkt\/eisbergsalat\/","title":{"rendered":"Eisbergsalat"},"content":{"rendered":"","protected":false},"excerpt":{"rendered":"<p>Eisbergsalat, auch Krachsalat genannt, bildet gro\u00dfe, runde und fest geschlossene K\u00f6pfe, bei denen die Bl\u00e4tter eng aneinanderwachsen. Die Farbe variiert von mittel- bis dunkelgr\u00fcn, wobei die inneren Herzbl\u00e4tter heller sind. Eisbergsalat hat einen hohen Wassergehalt, wodurch er l\u00e4nger frisch bleibt und eine k\u00fchle, knackige Textur bietet.  <\/p>\n<p>Eisbergsalat ist tats\u00e4chlich eine kalifornische Kreation. Aufgrund des Klimas in Kalifornien wurden diese Salatk\u00f6pfe fr\u00fcher gek\u00fchlt transportiert, wodurch sie ihren Namen \u201eIceberg\u201c erhielten. <\/p>\n<p>Quelle: CMA<\/p>\n","protected":false},"featured_media":8322,"template":"","meta":{"inline_featured_image":false},"product_brand":[],"product_cat":[164],"product_tag":[],"class_list":{"0":"post-8774","1":"product","2":"type-product","3":"status-publish","4":"has-post-thumbnail","6":"product_cat-frischeprodukte","8":"first","9":"instock","10":"shipping-taxable","11":"product-type-simple"},"_links":{"self":[{"href":"https:\/\/kockerols-gemuese.de\/de\/wp-json\/wp\/v2\/product\/8774","targetHints":{"allow":["GET"]}}],"collection":[{"href":"https:\/\/kockerols-gemuese.de\/de\/wp-json\/wp\/v2\/product"}],"about":[{"href":"https:\/\/kockerols-gemuese.de\/de\/wp-json\/wp\/v2\/types\/product"}],"wp:featuredmedia":[{"embeddable":true,"href":"https:\/\/kockerols-gemuese.de\/de\/wp-json\/wp\/v2\/media\/8322"}],"wp:attachment":[{"href":"https:\/\/kockerols-gemuese.de\/de\/wp-json\/wp\/v2\/media?parent=8774"}],"wp:term":[{"taxonomy":"product_brand","embeddable":true,"href":"https:\/\/kockerols-gemuese.de\/de\/wp-json\/wp\/v2\/product_brand?post=8774"},{"taxonomy":"product_cat","embeddable":true,"href":"https:\/\/kockerols-gemuese.de\/de\/wp-json\/wp\/v2\/product_cat?post=8774"},{"taxonomy":"product_tag","embeddable":true,"href":"https:\/\/kockerols-gemuese.de\/de\/wp-json\/wp\/v2\/product_tag?post=8774"}],"curies":[{"name":"wp","href":"https:\/\/api.w.org\/{rel}","templated":true}]}}