{"id":8768,"date":"2023-09-13T14:17:08","date_gmt":"2023-09-13T12:17:08","guid":{"rendered":"https:\/\/kockerols-gemuese.de\/product\/lollo-rossa\/"},"modified":"2023-09-13T14:17:08","modified_gmt":"2023-09-13T12:17:08","slug":"lollo-rossa","status":"publish","type":"product","link":"https:\/\/kockerols-gemuese.de\/de\/produkt\/lollo-rossa\/","title":{"rendered":"Lollo Rossa"},"content":{"rendered":"","protected":false},"excerpt":{"rendered":"<p>Lollo Bionda und ihre rotbl\u00e4ttrige Verwandte, Lollo Rossa, z\u00e4hlen zu den Pfl\u00fccksalaten. Die einzelnen Bl\u00e4tter werden zum Verzehr gezupft oder geschnitten. Diese Pflanzen bilden stark gekrauste, dicke, fleischige Bl\u00e4tter aus, die sich um einen halbkugeligen Salatkopf legen. Sie besitzen einen nussigen Geschmack und bleiben aufgrund ihrer festeren Bl\u00e4tter tendenziell l\u00e4nger frisch als die meisten anderen Salatsorten.   <\/p>\n<p>Quelle: CMA<\/p>\n","protected":false},"featured_media":8319,"template":"","meta":{"inline_featured_image":false},"product_brand":[],"product_cat":[164],"product_tag":[],"class_list":{"0":"post-8768","1":"product","2":"type-product","3":"status-publish","4":"has-post-thumbnail","6":"product_cat-frischeprodukte","8":"first","9":"instock","10":"shipping-taxable","11":"product-type-simple"},"_links":{"self":[{"href":"https:\/\/kockerols-gemuese.de\/de\/wp-json\/wp\/v2\/product\/8768","targetHints":{"allow":["GET"]}}],"collection":[{"href":"https:\/\/kockerols-gemuese.de\/de\/wp-json\/wp\/v2\/product"}],"about":[{"href":"https:\/\/kockerols-gemuese.de\/de\/wp-json\/wp\/v2\/types\/product"}],"wp:featuredmedia":[{"embeddable":true,"href":"https:\/\/kockerols-gemuese.de\/de\/wp-json\/wp\/v2\/media\/8319"}],"wp:attachment":[{"href":"https:\/\/kockerols-gemuese.de\/de\/wp-json\/wp\/v2\/media?parent=8768"}],"wp:term":[{"taxonomy":"product_brand","embeddable":true,"href":"https:\/\/kockerols-gemuese.de\/de\/wp-json\/wp\/v2\/product_brand?post=8768"},{"taxonomy":"product_cat","embeddable":true,"href":"https:\/\/kockerols-gemuese.de\/de\/wp-json\/wp\/v2\/product_cat?post=8768"},{"taxonomy":"product_tag","embeddable":true,"href":"https:\/\/kockerols-gemuese.de\/de\/wp-json\/wp\/v2\/product_tag?post=8768"}],"curies":[{"name":"wp","href":"https:\/\/api.w.org\/{rel}","templated":true}]}}