{"id":8766,"date":"2023-09-13T14:19:05","date_gmt":"2023-09-13T12:19:05","guid":{"rendered":"https:\/\/kockerols-gemuese.de\/product\/wirsing\/"},"modified":"2023-09-13T14:19:05","modified_gmt":"2023-09-13T12:19:05","slug":"wirsing","status":"publish","type":"product","link":"https:\/\/kockerols-gemuese.de\/de\/produkt\/wirsing\/","title":{"rendered":"Wirsing"},"content":{"rendered":"","protected":false},"excerpt":{"rendered":"<p>Wirsing ist ganzj\u00e4hrig erh\u00e4ltlich. Fr\u00fche Sorten haben ein helles, zartes Herz mit blassgr\u00fcnen Bl\u00e4ttern, w\u00e4hrend sp\u00e4te Sorten eher dunklere Bl\u00e4tter und einen ausgepr\u00e4gten Kohlgeschmack haben. Ged\u00fcnstet liefert Wirsing Kalium, Eisen, Fols\u00e4ure und einen hohen Vitamin-C-Gehalt. Vor der Zubereitung sollten die \u00e4u\u00dferen Bl\u00e4tter entfernt werden.  <\/p>\n<p>Quelle: CMA<\/p>\n","protected":false},"featured_media":8313,"template":"","meta":{"inline_featured_image":false},"product_brand":[],"product_cat":[164],"product_tag":[],"class_list":{"0":"post-8766","1":"product","2":"type-product","3":"status-publish","4":"has-post-thumbnail","6":"product_cat-frischeprodukte","8":"first","9":"instock","10":"shipping-taxable","11":"product-type-simple"},"_links":{"self":[{"href":"https:\/\/kockerols-gemuese.de\/de\/wp-json\/wp\/v2\/product\/8766","targetHints":{"allow":["GET"]}}],"collection":[{"href":"https:\/\/kockerols-gemuese.de\/de\/wp-json\/wp\/v2\/product"}],"about":[{"href":"https:\/\/kockerols-gemuese.de\/de\/wp-json\/wp\/v2\/types\/product"}],"wp:featuredmedia":[{"embeddable":true,"href":"https:\/\/kockerols-gemuese.de\/de\/wp-json\/wp\/v2\/media\/8313"}],"wp:attachment":[{"href":"https:\/\/kockerols-gemuese.de\/de\/wp-json\/wp\/v2\/media?parent=8766"}],"wp:term":[{"taxonomy":"product_brand","embeddable":true,"href":"https:\/\/kockerols-gemuese.de\/de\/wp-json\/wp\/v2\/product_brand?post=8766"},{"taxonomy":"product_cat","embeddable":true,"href":"https:\/\/kockerols-gemuese.de\/de\/wp-json\/wp\/v2\/product_cat?post=8766"},{"taxonomy":"product_tag","embeddable":true,"href":"https:\/\/kockerols-gemuese.de\/de\/wp-json\/wp\/v2\/product_tag?post=8766"}],"curies":[{"name":"wp","href":"https:\/\/api.w.org\/{rel}","templated":true}]}}