{"id":8764,"date":"2023-09-13T14:18:46","date_gmt":"2023-09-13T12:18:46","guid":{"rendered":"https:\/\/kockerols-gemuese.de\/product\/rotkohl\/"},"modified":"2023-09-13T14:18:46","modified_gmt":"2023-09-13T12:18:46","slug":"rotkohl","status":"publish","type":"product","link":"https:\/\/kockerols-gemuese.de\/de\/produkt\/rotkohl\/","title":{"rendered":"Rotkohl"},"content":{"rendered":"","protected":false},"excerpt":{"rendered":"<p>Rotkohl ist im Gegensatz zu Wei\u00dfkohl kleiner und fester. Zu seinen typischen Merkmalen z\u00e4hlen die rot-gr\u00fcnen Au\u00dfenbl\u00e4tter und die glatten Innenbl\u00e4tter. Er ist besonders reich an Vitamin C und enth\u00e4lt au\u00dferdem Eiwei\u00df, Kohlenhydrate sowie die Mineralstoffe Calcium, Kalium, das den Wasserhaushalt des K\u00f6rpers beeinflusst, und Eisen, das f\u00fcr den Sauerstofftransport im K\u00f6rper essenziell ist. Rotkohl schmeckt sowohl roh im Salat als auch ged\u00fcnstet als Gem\u00fcse.   <\/p>\n<p>Kochtipp: Um die rote Farbe zu intensivieren, k\u00f6nnen Sie einen Spritzer Zitronensaft oder gew\u00fcrfelten s\u00e4uerlichen Apfel, z. B. Boskoop, hinzuf\u00fcgen.<\/p>\n<p>Quelle: CMA<\/p>\n","protected":false},"featured_media":8314,"template":"","meta":{"inline_featured_image":false},"product_brand":[],"product_cat":[164],"product_tag":[],"class_list":{"0":"post-8764","1":"product","2":"type-product","3":"status-publish","4":"has-post-thumbnail","6":"product_cat-frischeprodukte","8":"first","9":"instock","10":"shipping-taxable","11":"product-type-simple"},"_links":{"self":[{"href":"https:\/\/kockerols-gemuese.de\/de\/wp-json\/wp\/v2\/product\/8764","targetHints":{"allow":["GET"]}}],"collection":[{"href":"https:\/\/kockerols-gemuese.de\/de\/wp-json\/wp\/v2\/product"}],"about":[{"href":"https:\/\/kockerols-gemuese.de\/de\/wp-json\/wp\/v2\/types\/product"}],"wp:featuredmedia":[{"embeddable":true,"href":"https:\/\/kockerols-gemuese.de\/de\/wp-json\/wp\/v2\/media\/8314"}],"wp:attachment":[{"href":"https:\/\/kockerols-gemuese.de\/de\/wp-json\/wp\/v2\/media?parent=8764"}],"wp:term":[{"taxonomy":"product_brand","embeddable":true,"href":"https:\/\/kockerols-gemuese.de\/de\/wp-json\/wp\/v2\/product_brand?post=8764"},{"taxonomy":"product_cat","embeddable":true,"href":"https:\/\/kockerols-gemuese.de\/de\/wp-json\/wp\/v2\/product_cat?post=8764"},{"taxonomy":"product_tag","embeddable":true,"href":"https:\/\/kockerols-gemuese.de\/de\/wp-json\/wp\/v2\/product_tag?post=8764"}],"curies":[{"name":"wp","href":"https:\/\/api.w.org\/{rel}","templated":true}]}}