{"id":8759,"date":"2023-10-31T10:13:30","date_gmt":"2023-10-31T09:13:30","guid":{"rendered":"https:\/\/kockerols-gemuese.de\/product\/lauch\/"},"modified":"2023-10-31T10:13:30","modified_gmt":"2023-10-31T09:13:30","slug":"lauch","status":"publish","type":"product","link":"https:\/\/kockerols-gemuese.de\/de\/produkt\/lauch\/","title":{"rendered":"Lauch"},"content":{"rendered":"","protected":false},"excerpt":{"rendered":"<p>Lauch ist ein aromatisches Gem\u00fcse, das den kr\u00e4ftigen Geschmack von Zwiebeln mit dem milden Geschmack von Spargel vereint. Er ist kalorienarm und aufgrund seines hohen Gehalts an Vitaminen und Mineralstoffen sehr gesund. Lange Zeit wurde Lauch vor allem als Suppengem\u00fcse angesehen, oft in Kombination mit Sellerie und Petersilie. Heute findet Lauch jedoch vielf\u00e4ltige Verwendung, etwa als Brotbelag, in Schinken gerollt oder als feine Cremesuppe. Als herzhafter Belag f\u00fcr Kuchen oder Pizza macht er auch dem Zwiebelkuchen Konkurrenz.    <\/p>\n<p>Quelle: CMA<\/p>\n","protected":false},"featured_media":8100,"template":"","meta":{"inline_featured_image":false},"product_brand":[],"product_cat":[164],"product_tag":[],"class_list":{"0":"post-8759","1":"product","2":"type-product","3":"status-publish","4":"has-post-thumbnail","6":"product_cat-frischeprodukte","8":"first","9":"instock","10":"shipping-taxable","11":"product-type-simple"},"_links":{"self":[{"href":"https:\/\/kockerols-gemuese.de\/de\/wp-json\/wp\/v2\/product\/8759","targetHints":{"allow":["GET"]}}],"collection":[{"href":"https:\/\/kockerols-gemuese.de\/de\/wp-json\/wp\/v2\/product"}],"about":[{"href":"https:\/\/kockerols-gemuese.de\/de\/wp-json\/wp\/v2\/types\/product"}],"wp:featuredmedia":[{"embeddable":true,"href":"https:\/\/kockerols-gemuese.de\/de\/wp-json\/wp\/v2\/media\/8100"}],"wp:attachment":[{"href":"https:\/\/kockerols-gemuese.de\/de\/wp-json\/wp\/v2\/media?parent=8759"}],"wp:term":[{"taxonomy":"product_brand","embeddable":true,"href":"https:\/\/kockerols-gemuese.de\/de\/wp-json\/wp\/v2\/product_brand?post=8759"},{"taxonomy":"product_cat","embeddable":true,"href":"https:\/\/kockerols-gemuese.de\/de\/wp-json\/wp\/v2\/product_cat?post=8759"},{"taxonomy":"product_tag","embeddable":true,"href":"https:\/\/kockerols-gemuese.de\/de\/wp-json\/wp\/v2\/product_tag?post=8759"}],"curies":[{"name":"wp","href":"https:\/\/api.w.org\/{rel}","templated":true}]}}