{"id":8757,"date":"2023-09-13T14:19:27","date_gmt":"2023-09-13T12:19:27","guid":{"rendered":"https:\/\/kockerols-gemuese.de\/product\/spitzkohl\/"},"modified":"2023-09-13T14:19:27","modified_gmt":"2023-09-13T12:19:27","slug":"spitzkohl","status":"publish","type":"product","link":"https:\/\/kockerols-gemuese.de\/de\/produkt\/spitzkohl\/","title":{"rendered":"Spitzkohl"},"content":{"rendered":"","protected":false},"excerpt":{"rendered":"<p>Spitzkohl ist eine besonders fr\u00fche, spitze Sorte des Wei\u00dfkohls. Der Kopf ist kleiner und nicht so fest gewickelt wie der des herk\u00f6mmlichen Wei\u00dfkohls. Er hat ein feines und mildes Aroma. Aufgrund seiner lockeren Struktur eignet sich Spitzkohl hervorragend f\u00fcr Salate oder als knackige Rohkost. Sein Geschmack ist mild und erinnert an N\u00fcsse und Blumenkohl. In Bezug auf die gesundheitlichen Vorteile bietet Spitzkohl Vitamin C, Provitamin A und Jod sowie einen geringen Energiegehalt von etwa 24 kcal pro 100 g.     <\/p>\n<p>Quelle: CMA<\/p>\n","protected":false},"featured_media":8312,"template":"","meta":{"inline_featured_image":false},"product_brand":[],"product_cat":[164],"product_tag":[],"class_list":{"0":"post-8757","1":"product","2":"type-product","3":"status-publish","4":"has-post-thumbnail","6":"product_cat-frischeprodukte","8":"first","9":"instock","10":"shipping-taxable","11":"product-type-simple"},"_links":{"self":[{"href":"https:\/\/kockerols-gemuese.de\/de\/wp-json\/wp\/v2\/product\/8757","targetHints":{"allow":["GET"]}}],"collection":[{"href":"https:\/\/kockerols-gemuese.de\/de\/wp-json\/wp\/v2\/product"}],"about":[{"href":"https:\/\/kockerols-gemuese.de\/de\/wp-json\/wp\/v2\/types\/product"}],"wp:featuredmedia":[{"embeddable":true,"href":"https:\/\/kockerols-gemuese.de\/de\/wp-json\/wp\/v2\/media\/8312"}],"wp:attachment":[{"href":"https:\/\/kockerols-gemuese.de\/de\/wp-json\/wp\/v2\/media?parent=8757"}],"wp:term":[{"taxonomy":"product_brand","embeddable":true,"href":"https:\/\/kockerols-gemuese.de\/de\/wp-json\/wp\/v2\/product_brand?post=8757"},{"taxonomy":"product_cat","embeddable":true,"href":"https:\/\/kockerols-gemuese.de\/de\/wp-json\/wp\/v2\/product_cat?post=8757"},{"taxonomy":"product_tag","embeddable":true,"href":"https:\/\/kockerols-gemuese.de\/de\/wp-json\/wp\/v2\/product_tag?post=8757"}],"curies":[{"name":"wp","href":"https:\/\/api.w.org\/{rel}","templated":true}]}}