{"id":8099,"date":"2023-10-31T10:13:30","date_gmt":"2023-10-31T09:13:30","guid":{"rendered":"https:\/\/kockerols-gemuese.de\/?post_type=product&#038;p=8099"},"modified":"2023-11-21T09:33:05","modified_gmt":"2023-11-21T08:33:05","slug":"leek","status":"publish","type":"product","link":"https:\/\/kockerols-gemuese.de\/de\/produkt\/porree\/","title":{"rendered":"Porree \/ Lauch"},"content":{"rendered":"","protected":false},"excerpt":{"rendered":"<p>Porree, auch \"Lauch\" genannt, ist ein aromatisches Gem\u00fcse, das in sich die herbe W\u00fcrze der Zwiebel und den milden Geschmack des Spargels vereint. Er ist kalorienarm und aufgrund seines hohen Gehalts an Vitaminen und Mineralstoffen sehr gesund. Lange Zeit galt Porree nur als Gem\u00fcsekomponente in Suppen gemeinsam mit Sellerie und Petersilie. Inzwischen findet Porree vielf\u00e4ltigen Einsatz als Brotauflage, eingerollt in Schinken oder in der feinen Cr\u00e8mesuppe. Als pikante Auflage f\u00fcr Torte oder Pizza macht er auch dem Zwiebelkuchen Konkurrenz.<\/p>\n<p>Quelle: CMA<\/p>","protected":false},"featured_media":8100,"template":"","meta":{"inline_featured_image":false},"product_brand":[],"product_cat":[147],"product_tag":[],"class_list":{"0":"post-8099","1":"product","2":"type-product","3":"status-publish","4":"has-post-thumbnail","6":"product_cat-fresh_products","8":"first","9":"instock","10":"shipping-taxable","11":"product-type-simple"},"yoast_head":"<!-- This site is optimized with the Yoast SEO plugin v24.6 - https:\/\/yoast.com\/wordpress\/plugins\/seo\/ -->\n<title>Leek % Kockerols<\/title>\n<meta name=\"description\" content=\"Porree \/ Lauch, Chinakohl, Spitzkohl, Wirsing, Rotkohl, Wei\u00dfkohl, Blumenkohl, Knollensellerie, Kohlrabi, Lollo Rossa, Eichblatt rot, Lollo Bionda, Eisbergsalat, Romana, Kopfsalat\" \/>\n<meta name=\"robots\" content=\"index, follow, max-snippet:-1, max-image-preview:large, max-video-preview:-1\" \/>\n<link rel=\"canonical\" href=\"https:\/\/kockerols-gemuese.de\/de\/produkt\/porree\/\" \/>\n<meta property=\"og:locale\" content=\"de_DE\" \/>\n<meta property=\"og:type\" content=\"article\" \/>\n<meta property=\"og:title\" content=\"Leek % Kockerols\" \/>\n<meta property=\"og:description\" content=\"Porree \/ Lauch, Chinakohl, Spitzkohl, Wirsing, Rotkohl, Wei\u00dfkohl, Blumenkohl, Knollensellerie, Kohlrabi, Lollo Rossa, Eichblatt rot, Lollo Bionda, Eisbergsalat, Romana, Kopfsalat\" \/>\n<meta property=\"og:url\" content=\"https:\/\/kockerols-gemuese.de\/de\/produkt\/porree\/\" \/>\n<meta property=\"og:site_name\" content=\"Kockerols\" \/>\n<meta property=\"article:modified_time\" content=\"2023-11-21T08:33:05+00:00\" \/>\n<meta property=\"og:image\" content=\"https:\/\/i0.wp.com\/kockerols-gemuese.de\/wp-content\/uploads\/2023\/10\/leek.jpg?fit=1000%2C1000&ssl=1\" \/>\n\t<meta property=\"og:image:width\" content=\"1000\" \/>\n\t<meta property=\"og:image:height\" content=\"1000\" \/>\n\t<meta property=\"og:image:type\" content=\"image\/jpeg\" \/>\n<meta name=\"twitter:card\" content=\"summary_large_image\" \/>\n<script type=\"application\/ld+json\" class=\"yoast-schema-graph\">{\"@context\":\"https:\/\/schema.org\",\"@graph\":[{\"@type\":\"WebPage\",\"@id\":\"https:\/\/kockerols-gemuese.de\/product\/leek\/\",\"url\":\"https:\/\/kockerols-gemuese.de\/product\/leek\/\",\"name\":\"Leek % Kockerols\",\"isPartOf\":{\"@id\":\"https:\/\/kockerols-gemuese.de\/#website\"},\"primaryImageOfPage\":{\"@id\":\"https:\/\/kockerols-gemuese.de\/product\/leek\/#primaryimage\"},\"image\":{\"@id\":\"https:\/\/kockerols-gemuese.de\/product\/leek\/#primaryimage\"},\"thumbnailUrl\":\"https:\/\/kockerols-gemuese.de\/wp-content\/uploads\/2023\/10\/leek.jpg\",\"datePublished\":\"2023-10-31T09:13:30+00:00\",\"dateModified\":\"2023-11-21T08:33:05+00:00\",\"description\":\"Porree \/ Lauch, Chinakohl, Spitzkohl, Wirsing, Rotkohl, Wei\u00dfkohl, Blumenkohl, Knollensellerie, Kohlrabi, Lollo Rossa, Eichblatt rot, Lollo Bionda, Eisbergsalat, Romana, Kopfsalat\",\"breadcrumb\":{\"@id\":\"https:\/\/kockerols-gemuese.de\/product\/leek\/#breadcrumb\"},\"inLanguage\":\"de\",\"potentialAction\":[{\"@type\":\"ReadAction\",\"target\":[\"https:\/\/kockerols-gemuese.de\/product\/leek\/\"]}]},{\"@type\":\"ImageObject\",\"inLanguage\":\"de\",\"@id\":\"https:\/\/kockerols-gemuese.de\/product\/leek\/#primaryimage\",\"url\":\"https:\/\/kockerols-gemuese.de\/wp-content\/uploads\/2023\/10\/leek.jpg\",\"contentUrl\":\"https:\/\/kockerols-gemuese.de\/wp-content\/uploads\/2023\/10\/leek.jpg\",\"width\":1000,\"height\":1000},{\"@type\":\"BreadcrumbList\",\"@id\":\"https:\/\/kockerols-gemuese.de\/product\/leek\/#breadcrumb\",\"itemListElement\":[{\"@type\":\"ListItem\",\"position\":1,\"name\":\"Home\",\"item\":\"https:\/\/kockerols-gemuese.de\/\"},{\"@type\":\"ListItem\",\"position\":2,\"name\":\"Shop\",\"item\":\"https:\/\/kockerols-gemuese.de\/de\/shop\/\"},{\"@type\":\"ListItem\",\"position\":3,\"name\":\"Leek\"}]},{\"@type\":\"WebSite\",\"@id\":\"https:\/\/kockerols-gemuese.de\/#website\",\"url\":\"https:\/\/kockerols-gemuese.de\/\",\"name\":\"Johannes Kockerols Gem\u00fcsegro\u00dfhandel\",\"description\":\"Frisch vom Niederrhein!\",\"publisher\":{\"@id\":\"https:\/\/kockerols-gemuese.de\/#organization\"},\"alternateName\":\"Kockerols\",\"potentialAction\":[{\"@type\":\"SearchAction\",\"target\":{\"@type\":\"EntryPoint\",\"urlTemplate\":\"https:\/\/kockerols-gemuese.de\/?s={search_term_string}\"},\"query-input\":{\"@type\":\"PropertyValueSpecification\",\"valueRequired\":true,\"valueName\":\"search_term_string\"}}],\"inLanguage\":\"de\"},{\"@type\":\"Organization\",\"@id\":\"https:\/\/kockerols-gemuese.de\/#organization\",\"name\":\"Johannes Kockerols Gem\u00fcsegro\u00dfhandel\",\"alternateName\":\"Kockerols\",\"url\":\"https:\/\/kockerols-gemuese.de\/\",\"logo\":{\"@type\":\"ImageObject\",\"inLanguage\":\"de\",\"@id\":\"https:\/\/kockerols-gemuese.de\/#\/schema\/logo\/image\/\",\"url\":\"https:\/\/kockerols-gemuese.de\/wp-content\/uploads\/2023\/10\/Kockerols_logo-02.jpg\",\"contentUrl\":\"https:\/\/kockerols-gemuese.de\/wp-content\/uploads\/2023\/10\/Kockerols_logo-02.jpg\",\"width\":1773,\"height\":1772,\"caption\":\"Johannes Kockerols Gem\u00fcsegro\u00dfhandel\"},\"image\":{\"@id\":\"https:\/\/kockerols-gemuese.de\/#\/schema\/logo\/image\/\"}}]}<\/script>\n<!-- \/ Yoast SEO plugin. -->","yoast_head_json":{"title":"Leek % Kockerols","description":"Porree \/ Lauch, Chinakohl, Spitzkohl, Wirsing, Rotkohl, Wei\u00dfkohl, Blumenkohl, Knollensellerie, Kohlrabi, Lollo Rossa, Eichblatt rot, Lollo Bionda, Eisbergsalat, Romana, Kopfsalat","robots":{"index":"index","follow":"follow","max-snippet":"max-snippet:-1","max-image-preview":"max-image-preview:large","max-video-preview":"max-video-preview:-1"},"canonical":"https:\/\/kockerols-gemuese.de\/de\/produkt\/porree\/","og_locale":"de_DE","og_type":"article","og_title":"Leek % Kockerols","og_description":"Porree \/ Lauch, Chinakohl, Spitzkohl, Wirsing, Rotkohl, Wei\u00dfkohl, Blumenkohl, Knollensellerie, Kohlrabi, Lollo Rossa, Eichblatt rot, Lollo Bionda, Eisbergsalat, Romana, Kopfsalat","og_url":"https:\/\/kockerols-gemuese.de\/de\/produkt\/porree\/","og_site_name":"Kockerols","article_modified_time":"2023-11-21T08:33:05+00:00","og_image":[{"width":1000,"height":1000,"url":"https:\/\/i0.wp.com\/kockerols-gemuese.de\/wp-content\/uploads\/2023\/10\/leek.jpg?fit=1000%2C1000&ssl=1","type":"image\/jpeg"}],"twitter_card":"summary_large_image","schema":{"@context":"https:\/\/schema.org","@graph":[{"@type":"WebPage","@id":"https:\/\/kockerols-gemuese.de\/product\/leek\/","url":"https:\/\/kockerols-gemuese.de\/product\/leek\/","name":"Leek % Kockerols","isPartOf":{"@id":"https:\/\/kockerols-gemuese.de\/#website"},"primaryImageOfPage":{"@id":"https:\/\/kockerols-gemuese.de\/product\/leek\/#primaryimage"},"image":{"@id":"https:\/\/kockerols-gemuese.de\/product\/leek\/#primaryimage"},"thumbnailUrl":"https:\/\/kockerols-gemuese.de\/wp-content\/uploads\/2023\/10\/leek.jpg","datePublished":"2023-10-31T09:13:30+00:00","dateModified":"2023-11-21T08:33:05+00:00","description":"Porree \/ Lauch, Chinakohl, Spitzkohl, Wirsing, Rotkohl, Wei\u00dfkohl, Blumenkohl, Knollensellerie, Kohlrabi, Lollo Rossa, Eichblatt rot, Lollo Bionda, Eisbergsalat, Romana, Kopfsalat","breadcrumb":{"@id":"https:\/\/kockerols-gemuese.de\/product\/leek\/#breadcrumb"},"inLanguage":"de","potentialAction":[{"@type":"ReadAction","target":["https:\/\/kockerols-gemuese.de\/product\/leek\/"]}]},{"@type":"ImageObject","inLanguage":"de","@id":"https:\/\/kockerols-gemuese.de\/product\/leek\/#primaryimage","url":"https:\/\/kockerols-gemuese.de\/wp-content\/uploads\/2023\/10\/leek.jpg","contentUrl":"https:\/\/kockerols-gemuese.de\/wp-content\/uploads\/2023\/10\/leek.jpg","width":1000,"height":1000},{"@type":"BreadcrumbList","@id":"https:\/\/kockerols-gemuese.de\/product\/leek\/#breadcrumb","itemListElement":[{"@type":"ListItem","position":1,"name":"Home","item":"https:\/\/kockerols-gemuese.de\/"},{"@type":"ListItem","position":2,"name":"Shop","item":"https:\/\/kockerols-gemuese.de\/de\/shop\/"},{"@type":"ListItem","position":3,"name":"Leek"}]},{"@type":"WebSite","@id":"https:\/\/kockerols-gemuese.de\/#website","url":"https:\/\/kockerols-gemuese.de\/","name":"Johannes Kockerols Gem\u00fcsegro\u00dfhandel","description":"Frisch vom Niederrhein!","publisher":{"@id":"https:\/\/kockerols-gemuese.de\/#organization"},"alternateName":"Kockerols","potentialAction":[{"@type":"SearchAction","target":{"@type":"EntryPoint","urlTemplate":"https:\/\/kockerols-gemuese.de\/?s={search_term_string}"},"query-input":{"@type":"PropertyValueSpecification","valueRequired":true,"valueName":"search_term_string"}}],"inLanguage":"de"},{"@type":"Organization","@id":"https:\/\/kockerols-gemuese.de\/#organization","name":"Johannes Kockerols Gem\u00fcsegro\u00dfhandel","alternateName":"Kockerols","url":"https:\/\/kockerols-gemuese.de\/","logo":{"@type":"ImageObject","inLanguage":"de","@id":"https:\/\/kockerols-gemuese.de\/#\/schema\/logo\/image\/","url":"https:\/\/kockerols-gemuese.de\/wp-content\/uploads\/2023\/10\/Kockerols_logo-02.jpg","contentUrl":"https:\/\/kockerols-gemuese.de\/wp-content\/uploads\/2023\/10\/Kockerols_logo-02.jpg","width":1773,"height":1772,"caption":"Johannes Kockerols Gem\u00fcsegro\u00dfhandel"},"image":{"@id":"https:\/\/kockerols-gemuese.de\/#\/schema\/logo\/image\/"}}]}},"_links":{"self":[{"href":"https:\/\/kockerols-gemuese.de\/de\/wp-json\/wp\/v2\/product\/8099","targetHints":{"allow":["GET"]}}],"collection":[{"href":"https:\/\/kockerols-gemuese.de\/de\/wp-json\/wp\/v2\/product"}],"about":[{"href":"https:\/\/kockerols-gemuese.de\/de\/wp-json\/wp\/v2\/types\/product"}],"wp:featuredmedia":[{"embeddable":true,"href":"https:\/\/kockerols-gemuese.de\/de\/wp-json\/wp\/v2\/media\/8100"}],"wp:attachment":[{"href":"https:\/\/kockerols-gemuese.de\/de\/wp-json\/wp\/v2\/media?parent=8099"}],"wp:term":[{"taxonomy":"product_brand","embeddable":true,"href":"https:\/\/kockerols-gemuese.de\/de\/wp-json\/wp\/v2\/product_brand?post=8099"},{"taxonomy":"product_cat","embeddable":true,"href":"https:\/\/kockerols-gemuese.de\/de\/wp-json\/wp\/v2\/product_cat?post=8099"},{"taxonomy":"product_tag","embeddable":true,"href":"https:\/\/kockerols-gemuese.de\/de\/wp-json\/wp\/v2\/product_tag?post=8099"}],"curies":[{"name":"wp","href":"https:\/\/api.w.org\/{rel}","templated":true}]}}