{"id":7285,"date":"2023-09-13T14:17:45","date_gmt":"2023-09-13T12:17:45","guid":{"rendered":"https:\/\/kockerols-gemuese.de\/?post_type=product&#038;p=7285"},"modified":"2023-11-21T09:35:56","modified_gmt":"2023-11-21T08:35:56","slug":"celeriac","status":"publish","type":"product","link":"https:\/\/kockerols-gemuese.de\/de\/produkt\/knollensellerie\/","title":{"rendered":"Knollen-sellerie"},"content":{"rendered":"","protected":false},"excerpt":{"rendered":"<p>Sellerie oder besser Knollensellerie bildet faustgro\u00dfe, fleischige Wurzelknollen. Er ist nach der M\u00f6hre das meistverwendete Wurzelgem\u00fcse in Deutschland. Sellerie ist mit 38 kcal auf 100 g kalorienarm und regt mit seinem hohen Gehalt an \u00e4therischen \u00d6len (Apiol) den Stoffwechsel an. Er enth\u00e4lt au\u00dferdem die Mineralstoffe Kalium, Natrium und Phosphor. Knollensellerie ist vielseitig verwendbar, aber vor allem als Bestandteil vom Suppengr\u00fcn bekannt. Er wird als geschmacksgebende Zutat f\u00fcr Fleischgerichte und Fonds gesch\u00e4tzt. Gesch\u00e4lter Sellerie oxidiert schnell. Die braune F\u00e4rbung kann man verhindern, durch sofortiges Betr\u00e4ufeln mit Zitronensaft.<\/p>\n<p>Quelle: CMA<\/p>","protected":false},"featured_media":7258,"template":"","meta":{"inline_featured_image":false},"product_brand":[],"product_cat":[147],"product_tag":[],"class_list":{"0":"post-7285","1":"product","2":"type-product","3":"status-publish","4":"has-post-thumbnail","6":"product_cat-fresh_products","8":"first","9":"instock","10":"shipping-taxable","11":"product-type-simple"},"yoast_head":"<!-- This site is optimized with the Yoast SEO plugin v24.6 - https:\/\/yoast.com\/wordpress\/plugins\/seo\/ -->\n<title>Celeriac % Kockerols<\/title>\n<meta name=\"description\" content=\"Porree \/ Lauch, Chinakohl, Spitzkohl, Wirsing, Rotkohl, Wei\u00dfkohl, Blumenkohl, Knollensellerie, Kohlrabi, Lollo Rossa, Eichblatt rot, Lollo Bionda, Eisbergsalat, Romana, Kopfsalat\" \/>\n<meta name=\"robots\" content=\"index, follow, max-snippet:-1, max-image-preview:large, max-video-preview:-1\" \/>\n<link rel=\"canonical\" href=\"https:\/\/kockerols-gemuese.de\/de\/produkt\/knollensellerie\/\" \/>\n<meta property=\"og:locale\" content=\"de_DE\" \/>\n<meta property=\"og:type\" content=\"article\" \/>\n<meta property=\"og:title\" content=\"Celeriac % Kockerols\" \/>\n<meta property=\"og:description\" content=\"Porree \/ Lauch, Chinakohl, Spitzkohl, Wirsing, Rotkohl, Wei\u00dfkohl, Blumenkohl, Knollensellerie, Kohlrabi, Lollo Rossa, Eichblatt rot, Lollo Bionda, Eisbergsalat, Romana, Kopfsalat\" \/>\n<meta property=\"og:url\" content=\"https:\/\/kockerols-gemuese.de\/de\/produkt\/knollensellerie\/\" \/>\n<meta property=\"og:site_name\" content=\"Kockerols\" \/>\n<meta property=\"article:modified_time\" content=\"2023-11-21T08:35:56+00:00\" \/>\n<meta property=\"og:image\" content=\"https:\/\/i0.wp.com\/kockerols-gemuese.de\/wp-content\/uploads\/2023\/09\/Celeriac.jpg?fit=1000%2C1000&ssl=1\" \/>\n\t<meta property=\"og:image:width\" content=\"1000\" \/>\n\t<meta property=\"og:image:height\" content=\"1000\" \/>\n\t<meta property=\"og:image:type\" content=\"image\/jpeg\" \/>\n<meta name=\"twitter:card\" content=\"summary_large_image\" \/>\n<script type=\"application\/ld+json\" class=\"yoast-schema-graph\">{\"@context\":\"https:\/\/schema.org\",\"@graph\":[{\"@type\":\"WebPage\",\"@id\":\"https:\/\/kockerols-gemuese.de\/de\/produkt\/knollensellerie\/\",\"url\":\"https:\/\/kockerols-gemuese.de\/de\/produkt\/knollensellerie\/\",\"name\":\"Celeriac % Kockerols\",\"isPartOf\":{\"@id\":\"https:\/\/kockerols-gemuese.de\/#website\"},\"primaryImageOfPage\":{\"@id\":\"https:\/\/kockerols-gemuese.de\/de\/produkt\/knollensellerie\/#primaryimage\"},\"image\":{\"@id\":\"https:\/\/kockerols-gemuese.de\/de\/produkt\/knollensellerie\/#primaryimage\"},\"thumbnailUrl\":\"https:\/\/kockerols-gemuese.de\/wp-content\/uploads\/2023\/09\/Celeriac.jpg\",\"datePublished\":\"2023-09-13T12:17:45+00:00\",\"dateModified\":\"2023-11-21T08:35:56+00:00\",\"description\":\"Porree \/ Lauch, Chinakohl, Spitzkohl, Wirsing, Rotkohl, Wei\u00dfkohl, Blumenkohl, Knollensellerie, Kohlrabi, Lollo Rossa, Eichblatt rot, Lollo Bionda, Eisbergsalat, Romana, Kopfsalat\",\"breadcrumb\":{\"@id\":\"https:\/\/kockerols-gemuese.de\/de\/produkt\/knollensellerie\/#breadcrumb\"},\"inLanguage\":\"de\",\"potentialAction\":[{\"@type\":\"ReadAction\",\"target\":[\"https:\/\/kockerols-gemuese.de\/de\/produkt\/knollensellerie\/\"]}]},{\"@type\":\"ImageObject\",\"inLanguage\":\"de\",\"@id\":\"https:\/\/kockerols-gemuese.de\/de\/produkt\/knollensellerie\/#primaryimage\",\"url\":\"https:\/\/kockerols-gemuese.de\/wp-content\/uploads\/2023\/09\/Celeriac.jpg\",\"contentUrl\":\"https:\/\/kockerols-gemuese.de\/wp-content\/uploads\/2023\/09\/Celeriac.jpg\",\"width\":1000,\"height\":1000,\"caption\":\"celery root with leaf isolated on white background. Celery isolated on white. Healthy food\"},{\"@type\":\"BreadcrumbList\",\"@id\":\"https:\/\/kockerols-gemuese.de\/de\/produkt\/knollensellerie\/#breadcrumb\",\"itemListElement\":[{\"@type\":\"ListItem\",\"position\":1,\"name\":\"Home\",\"item\":\"https:\/\/kockerols-gemuese.de\/\"},{\"@type\":\"ListItem\",\"position\":2,\"name\":\"Shop\",\"item\":\"https:\/\/kockerols-gemuese.de\/de\/shop\/\"},{\"@type\":\"ListItem\",\"position\":3,\"name\":\"Celeriac\"}]},{\"@type\":\"WebSite\",\"@id\":\"https:\/\/kockerols-gemuese.de\/#website\",\"url\":\"https:\/\/kockerols-gemuese.de\/\",\"name\":\"Johannes Kockerols Gem\u00fcsegro\u00dfhandel\",\"description\":\"Frisch vom Niederrhein!\",\"publisher\":{\"@id\":\"https:\/\/kockerols-gemuese.de\/#organization\"},\"alternateName\":\"Kockerols\",\"potentialAction\":[{\"@type\":\"SearchAction\",\"target\":{\"@type\":\"EntryPoint\",\"urlTemplate\":\"https:\/\/kockerols-gemuese.de\/?s={search_term_string}\"},\"query-input\":{\"@type\":\"PropertyValueSpecification\",\"valueRequired\":true,\"valueName\":\"search_term_string\"}}],\"inLanguage\":\"de\"},{\"@type\":\"Organization\",\"@id\":\"https:\/\/kockerols-gemuese.de\/#organization\",\"name\":\"Johannes Kockerols Gem\u00fcsegro\u00dfhandel\",\"alternateName\":\"Kockerols\",\"url\":\"https:\/\/kockerols-gemuese.de\/\",\"logo\":{\"@type\":\"ImageObject\",\"inLanguage\":\"de\",\"@id\":\"https:\/\/kockerols-gemuese.de\/#\/schema\/logo\/image\/\",\"url\":\"https:\/\/kockerols-gemuese.de\/wp-content\/uploads\/2023\/10\/Kockerols_logo-02.jpg\",\"contentUrl\":\"https:\/\/kockerols-gemuese.de\/wp-content\/uploads\/2023\/10\/Kockerols_logo-02.jpg\",\"width\":1773,\"height\":1772,\"caption\":\"Johannes Kockerols Gem\u00fcsegro\u00dfhandel\"},\"image\":{\"@id\":\"https:\/\/kockerols-gemuese.de\/#\/schema\/logo\/image\/\"}}]}<\/script>\n<!-- \/ Yoast SEO plugin. -->","yoast_head_json":{"title":"Celeriac % Kockerols","description":"Porree \/ Lauch, Chinakohl, Spitzkohl, Wirsing, Rotkohl, Wei\u00dfkohl, Blumenkohl, Knollensellerie, Kohlrabi, Lollo Rossa, Eichblatt rot, Lollo Bionda, Eisbergsalat, Romana, Kopfsalat","robots":{"index":"index","follow":"follow","max-snippet":"max-snippet:-1","max-image-preview":"max-image-preview:large","max-video-preview":"max-video-preview:-1"},"canonical":"https:\/\/kockerols-gemuese.de\/de\/produkt\/knollensellerie\/","og_locale":"de_DE","og_type":"article","og_title":"Celeriac % Kockerols","og_description":"Porree \/ Lauch, Chinakohl, Spitzkohl, Wirsing, Rotkohl, Wei\u00dfkohl, Blumenkohl, Knollensellerie, Kohlrabi, Lollo Rossa, Eichblatt rot, Lollo Bionda, Eisbergsalat, Romana, Kopfsalat","og_url":"https:\/\/kockerols-gemuese.de\/de\/produkt\/knollensellerie\/","og_site_name":"Kockerols","article_modified_time":"2023-11-21T08:35:56+00:00","og_image":[{"width":1000,"height":1000,"url":"https:\/\/i0.wp.com\/kockerols-gemuese.de\/wp-content\/uploads\/2023\/09\/Celeriac.jpg?fit=1000%2C1000&ssl=1","type":"image\/jpeg"}],"twitter_card":"summary_large_image","schema":{"@context":"https:\/\/schema.org","@graph":[{"@type":"WebPage","@id":"https:\/\/kockerols-gemuese.de\/de\/produkt\/knollensellerie\/","url":"https:\/\/kockerols-gemuese.de\/de\/produkt\/knollensellerie\/","name":"Celeriac % Kockerols","isPartOf":{"@id":"https:\/\/kockerols-gemuese.de\/#website"},"primaryImageOfPage":{"@id":"https:\/\/kockerols-gemuese.de\/de\/produkt\/knollensellerie\/#primaryimage"},"image":{"@id":"https:\/\/kockerols-gemuese.de\/de\/produkt\/knollensellerie\/#primaryimage"},"thumbnailUrl":"https:\/\/kockerols-gemuese.de\/wp-content\/uploads\/2023\/09\/Celeriac.jpg","datePublished":"2023-09-13T12:17:45+00:00","dateModified":"2023-11-21T08:35:56+00:00","description":"Porree \/ Lauch, Chinakohl, Spitzkohl, Wirsing, Rotkohl, Wei\u00dfkohl, Blumenkohl, Knollensellerie, Kohlrabi, Lollo Rossa, Eichblatt rot, Lollo Bionda, Eisbergsalat, Romana, Kopfsalat","breadcrumb":{"@id":"https:\/\/kockerols-gemuese.de\/de\/produkt\/knollensellerie\/#breadcrumb"},"inLanguage":"de","potentialAction":[{"@type":"ReadAction","target":["https:\/\/kockerols-gemuese.de\/de\/produkt\/knollensellerie\/"]}]},{"@type":"ImageObject","inLanguage":"de","@id":"https:\/\/kockerols-gemuese.de\/de\/produkt\/knollensellerie\/#primaryimage","url":"https:\/\/kockerols-gemuese.de\/wp-content\/uploads\/2023\/09\/Celeriac.jpg","contentUrl":"https:\/\/kockerols-gemuese.de\/wp-content\/uploads\/2023\/09\/Celeriac.jpg","width":1000,"height":1000,"caption":"celery root with leaf isolated on white background. Celery isolated on white. Healthy food"},{"@type":"BreadcrumbList","@id":"https:\/\/kockerols-gemuese.de\/de\/produkt\/knollensellerie\/#breadcrumb","itemListElement":[{"@type":"ListItem","position":1,"name":"Home","item":"https:\/\/kockerols-gemuese.de\/"},{"@type":"ListItem","position":2,"name":"Shop","item":"https:\/\/kockerols-gemuese.de\/de\/shop\/"},{"@type":"ListItem","position":3,"name":"Celeriac"}]},{"@type":"WebSite","@id":"https:\/\/kockerols-gemuese.de\/#website","url":"https:\/\/kockerols-gemuese.de\/","name":"Johannes Kockerols Gem\u00fcsegro\u00dfhandel","description":"Frisch vom Niederrhein!","publisher":{"@id":"https:\/\/kockerols-gemuese.de\/#organization"},"alternateName":"Kockerols","potentialAction":[{"@type":"SearchAction","target":{"@type":"EntryPoint","urlTemplate":"https:\/\/kockerols-gemuese.de\/?s={search_term_string}"},"query-input":{"@type":"PropertyValueSpecification","valueRequired":true,"valueName":"search_term_string"}}],"inLanguage":"de"},{"@type":"Organization","@id":"https:\/\/kockerols-gemuese.de\/#organization","name":"Johannes Kockerols Gem\u00fcsegro\u00dfhandel","alternateName":"Kockerols","url":"https:\/\/kockerols-gemuese.de\/","logo":{"@type":"ImageObject","inLanguage":"de","@id":"https:\/\/kockerols-gemuese.de\/#\/schema\/logo\/image\/","url":"https:\/\/kockerols-gemuese.de\/wp-content\/uploads\/2023\/10\/Kockerols_logo-02.jpg","contentUrl":"https:\/\/kockerols-gemuese.de\/wp-content\/uploads\/2023\/10\/Kockerols_logo-02.jpg","width":1773,"height":1772,"caption":"Johannes Kockerols Gem\u00fcsegro\u00dfhandel"},"image":{"@id":"https:\/\/kockerols-gemuese.de\/#\/schema\/logo\/image\/"}}]}},"_links":{"self":[{"href":"https:\/\/kockerols-gemuese.de\/de\/wp-json\/wp\/v2\/product\/7285","targetHints":{"allow":["GET"]}}],"collection":[{"href":"https:\/\/kockerols-gemuese.de\/de\/wp-json\/wp\/v2\/product"}],"about":[{"href":"https:\/\/kockerols-gemuese.de\/de\/wp-json\/wp\/v2\/types\/product"}],"wp:featuredmedia":[{"embeddable":true,"href":"https:\/\/kockerols-gemuese.de\/de\/wp-json\/wp\/v2\/media\/7258"}],"wp:attachment":[{"href":"https:\/\/kockerols-gemuese.de\/de\/wp-json\/wp\/v2\/media?parent=7285"}],"wp:term":[{"taxonomy":"product_brand","embeddable":true,"href":"https:\/\/kockerols-gemuese.de\/de\/wp-json\/wp\/v2\/product_brand?post=7285"},{"taxonomy":"product_cat","embeddable":true,"href":"https:\/\/kockerols-gemuese.de\/de\/wp-json\/wp\/v2\/product_cat?post=7285"},{"taxonomy":"product_tag","embeddable":true,"href":"https:\/\/kockerols-gemuese.de\/de\/wp-json\/wp\/v2\/product_tag?post=7285"}],"curies":[{"name":"wp","href":"https:\/\/api.w.org\/{rel}","templated":true}]}}