{"id":7284,"date":"2023-09-13T14:17:26","date_gmt":"2023-09-13T12:17:26","guid":{"rendered":"https:\/\/kockerols-gemuese.de\/?post_type=product&#038;p=7284"},"modified":"2023-11-21T09:36:17","modified_gmt":"2023-11-21T08:36:17","slug":"kohlrabi","status":"publish","type":"product","link":"https:\/\/kockerols-gemuese.de\/de\/produkt\/kohlrabi\/","title":{"rendered":"Kohlrabi"},"content":{"rendered":"","protected":false},"excerpt":{"rendered":"<p>Der von einer Wachsschicht \u00fcberzogene Kohlrabi schmeckt angenehm s\u00fc\u00dflich und w\u00fcrzig. Er hat eine feste, saftige Konsistenz. Junger Kohlrabi ist besonders zart und mild. Kohlrabi eignet sich hervorragend f\u00fcr Suppen, F\u00fcllungen, Eint\u00f6pfe und Aufl\u00e4ufe. In wenig Salzwasser unter Zusatz von etwas Fett 15 bis 20 Minuten gegart, schmeckt er auch zu vielen Fleischspeisen. Roh ist Kohlrabi bek\u00f6mmlich zusammen mit Rettich, M\u00f6hren, N\u00fcssen, gekochten Eiern und vielen frischen Kr\u00e4utern.<\/p>\n<p>Die Bl\u00e4tter des Kohlrabi sind unter anderem wegen ihres hohen Gehalts an Vitaminen und Mineralstoffen sogar noch wertvoller als die Knolle. Klein gehackt kann man sie als W\u00fcrze zu Salaten geben, unter das Gem\u00fcse mischen oder mit der Kochbr\u00fche der Knolle als Suppe zubereiten. Im Gem\u00fcsefach des K\u00fchlschranks kann man Kohlrabi 1 bis 2 Tage aufbewahren; das Blattgr\u00fcn sollte man dann vorher entfernen.<\/p>\n<p>Quelle: CMA<\/p>","protected":false},"featured_media":8318,"template":"","meta":{"inline_featured_image":false},"product_brand":[],"product_cat":[147],"product_tag":[],"class_list":{"0":"post-7284","1":"product","2":"type-product","3":"status-publish","4":"has-post-thumbnail","6":"product_cat-fresh_products","8":"first","9":"instock","10":"shipping-taxable","11":"product-type-simple"},"yoast_head":"<!-- This site is optimized with the Yoast SEO plugin v24.6 - https:\/\/yoast.com\/wordpress\/plugins\/seo\/ -->\n<title>Kohlrabi % Kockerols<\/title>\n<meta name=\"description\" content=\"Porree \/ Lauch, Chinakohl, Spitzkohl, Wirsing, Rotkohl, Wei\u00dfkohl, Blumenkohl, Knollensellerie, Kohlrabi, Lollo Rossa, Eichblatt rot, Lollo Bionda, Eisbergsalat, Romana, Kopfsalat\" \/>\n<meta name=\"robots\" content=\"index, follow, max-snippet:-1, max-image-preview:large, max-video-preview:-1\" \/>\n<link rel=\"canonical\" href=\"https:\/\/kockerols-gemuese.de\/de\/produkt\/kohlrabi\/\" \/>\n<meta property=\"og:locale\" content=\"de_DE\" \/>\n<meta property=\"og:type\" content=\"article\" \/>\n<meta property=\"og:title\" content=\"Kohlrabi % Kockerols\" \/>\n<meta property=\"og:description\" content=\"Porree \/ Lauch, Chinakohl, Spitzkohl, Wirsing, Rotkohl, Wei\u00dfkohl, Blumenkohl, Knollensellerie, Kohlrabi, Lollo Rossa, Eichblatt rot, Lollo Bionda, Eisbergsalat, Romana, Kopfsalat\" \/>\n<meta property=\"og:url\" content=\"https:\/\/kockerols-gemuese.de\/de\/produkt\/kohlrabi\/\" \/>\n<meta property=\"og:site_name\" content=\"Kockerols\" \/>\n<meta property=\"article:modified_time\" content=\"2023-11-21T08:36:17+00:00\" \/>\n<meta property=\"og:image\" content=\"https:\/\/i0.wp.com\/kockerols-gemuese.de\/wp-content\/uploads\/2023\/09\/Kohlrabi-1.jpg?fit=800%2C800&ssl=1\" \/>\n\t<meta property=\"og:image:width\" content=\"800\" \/>\n\t<meta property=\"og:image:height\" content=\"800\" \/>\n\t<meta property=\"og:image:type\" content=\"image\/jpeg\" \/>\n<meta name=\"twitter:card\" content=\"summary_large_image\" \/>\n<script type=\"application\/ld+json\" class=\"yoast-schema-graph\">{\"@context\":\"https:\/\/schema.org\",\"@graph\":[{\"@type\":\"WebPage\",\"@id\":\"https:\/\/kockerols-gemuese.de\/product\/kohlrabi\/\",\"url\":\"https:\/\/kockerols-gemuese.de\/product\/kohlrabi\/\",\"name\":\"Kohlrabi % Kockerols\",\"isPartOf\":{\"@id\":\"https:\/\/kockerols-gemuese.de\/#website\"},\"primaryImageOfPage\":{\"@id\":\"https:\/\/kockerols-gemuese.de\/product\/kohlrabi\/#primaryimage\"},\"image\":{\"@id\":\"https:\/\/kockerols-gemuese.de\/product\/kohlrabi\/#primaryimage\"},\"thumbnailUrl\":\"https:\/\/kockerols-gemuese.de\/wp-content\/uploads\/2023\/09\/Kohlrabi-1.jpg\",\"datePublished\":\"2023-09-13T12:17:26+00:00\",\"dateModified\":\"2023-11-21T08:36:17+00:00\",\"description\":\"Porree \/ Lauch, Chinakohl, Spitzkohl, Wirsing, Rotkohl, Wei\u00dfkohl, Blumenkohl, Knollensellerie, Kohlrabi, Lollo Rossa, Eichblatt rot, Lollo Bionda, Eisbergsalat, Romana, Kopfsalat\",\"breadcrumb\":{\"@id\":\"https:\/\/kockerols-gemuese.de\/product\/kohlrabi\/#breadcrumb\"},\"inLanguage\":\"de\",\"potentialAction\":[{\"@type\":\"ReadAction\",\"target\":[\"https:\/\/kockerols-gemuese.de\/product\/kohlrabi\/\"]}]},{\"@type\":\"ImageObject\",\"inLanguage\":\"de\",\"@id\":\"https:\/\/kockerols-gemuese.de\/product\/kohlrabi\/#primaryimage\",\"url\":\"https:\/\/kockerols-gemuese.de\/wp-content\/uploads\/2023\/09\/Kohlrabi-1.jpg\",\"contentUrl\":\"https:\/\/kockerols-gemuese.de\/wp-content\/uploads\/2023\/09\/Kohlrabi-1.jpg\",\"width\":800,\"height\":800},{\"@type\":\"BreadcrumbList\",\"@id\":\"https:\/\/kockerols-gemuese.de\/product\/kohlrabi\/#breadcrumb\",\"itemListElement\":[{\"@type\":\"ListItem\",\"position\":1,\"name\":\"Home\",\"item\":\"https:\/\/kockerols-gemuese.de\/\"},{\"@type\":\"ListItem\",\"position\":2,\"name\":\"Shop\",\"item\":\"https:\/\/kockerols-gemuese.de\/de\/shop\/\"},{\"@type\":\"ListItem\",\"position\":3,\"name\":\"Kohlrabi\"}]},{\"@type\":\"WebSite\",\"@id\":\"https:\/\/kockerols-gemuese.de\/#website\",\"url\":\"https:\/\/kockerols-gemuese.de\/\",\"name\":\"Johannes Kockerols Gem\u00fcsegro\u00dfhandel\",\"description\":\"Frisch vom Niederrhein!\",\"publisher\":{\"@id\":\"https:\/\/kockerols-gemuese.de\/#organization\"},\"alternateName\":\"Kockerols\",\"potentialAction\":[{\"@type\":\"SearchAction\",\"target\":{\"@type\":\"EntryPoint\",\"urlTemplate\":\"https:\/\/kockerols-gemuese.de\/?s={search_term_string}\"},\"query-input\":{\"@type\":\"PropertyValueSpecification\",\"valueRequired\":true,\"valueName\":\"search_term_string\"}}],\"inLanguage\":\"de\"},{\"@type\":\"Organization\",\"@id\":\"https:\/\/kockerols-gemuese.de\/#organization\",\"name\":\"Johannes Kockerols Gem\u00fcsegro\u00dfhandel\",\"alternateName\":\"Kockerols\",\"url\":\"https:\/\/kockerols-gemuese.de\/\",\"logo\":{\"@type\":\"ImageObject\",\"inLanguage\":\"de\",\"@id\":\"https:\/\/kockerols-gemuese.de\/#\/schema\/logo\/image\/\",\"url\":\"https:\/\/kockerols-gemuese.de\/wp-content\/uploads\/2023\/10\/Kockerols_logo-02.jpg\",\"contentUrl\":\"https:\/\/kockerols-gemuese.de\/wp-content\/uploads\/2023\/10\/Kockerols_logo-02.jpg\",\"width\":1773,\"height\":1772,\"caption\":\"Johannes Kockerols Gem\u00fcsegro\u00dfhandel\"},\"image\":{\"@id\":\"https:\/\/kockerols-gemuese.de\/#\/schema\/logo\/image\/\"}}]}<\/script>\n<!-- \/ Yoast SEO plugin. -->","yoast_head_json":{"title":"Kohlrabi % Kockerols","description":"Porree \/ Lauch, Chinakohl, Spitzkohl, Wirsing, Rotkohl, Wei\u00dfkohl, Blumenkohl, Knollensellerie, Kohlrabi, Lollo Rossa, Eichblatt rot, Lollo Bionda, Eisbergsalat, Romana, Kopfsalat","robots":{"index":"index","follow":"follow","max-snippet":"max-snippet:-1","max-image-preview":"max-image-preview:large","max-video-preview":"max-video-preview:-1"},"canonical":"https:\/\/kockerols-gemuese.de\/de\/produkt\/kohlrabi\/","og_locale":"de_DE","og_type":"article","og_title":"Kohlrabi % Kockerols","og_description":"Porree \/ Lauch, Chinakohl, Spitzkohl, Wirsing, Rotkohl, Wei\u00dfkohl, Blumenkohl, Knollensellerie, Kohlrabi, Lollo Rossa, Eichblatt rot, Lollo Bionda, Eisbergsalat, Romana, Kopfsalat","og_url":"https:\/\/kockerols-gemuese.de\/de\/produkt\/kohlrabi\/","og_site_name":"Kockerols","article_modified_time":"2023-11-21T08:36:17+00:00","og_image":[{"width":800,"height":800,"url":"https:\/\/i0.wp.com\/kockerols-gemuese.de\/wp-content\/uploads\/2023\/09\/Kohlrabi-1.jpg?fit=800%2C800&ssl=1","type":"image\/jpeg"}],"twitter_card":"summary_large_image","schema":{"@context":"https:\/\/schema.org","@graph":[{"@type":"WebPage","@id":"https:\/\/kockerols-gemuese.de\/product\/kohlrabi\/","url":"https:\/\/kockerols-gemuese.de\/product\/kohlrabi\/","name":"Kohlrabi % Kockerols","isPartOf":{"@id":"https:\/\/kockerols-gemuese.de\/#website"},"primaryImageOfPage":{"@id":"https:\/\/kockerols-gemuese.de\/product\/kohlrabi\/#primaryimage"},"image":{"@id":"https:\/\/kockerols-gemuese.de\/product\/kohlrabi\/#primaryimage"},"thumbnailUrl":"https:\/\/kockerols-gemuese.de\/wp-content\/uploads\/2023\/09\/Kohlrabi-1.jpg","datePublished":"2023-09-13T12:17:26+00:00","dateModified":"2023-11-21T08:36:17+00:00","description":"Porree \/ Lauch, Chinakohl, Spitzkohl, Wirsing, Rotkohl, Wei\u00dfkohl, Blumenkohl, Knollensellerie, Kohlrabi, Lollo Rossa, Eichblatt rot, Lollo Bionda, Eisbergsalat, Romana, Kopfsalat","breadcrumb":{"@id":"https:\/\/kockerols-gemuese.de\/product\/kohlrabi\/#breadcrumb"},"inLanguage":"de","potentialAction":[{"@type":"ReadAction","target":["https:\/\/kockerols-gemuese.de\/product\/kohlrabi\/"]}]},{"@type":"ImageObject","inLanguage":"de","@id":"https:\/\/kockerols-gemuese.de\/product\/kohlrabi\/#primaryimage","url":"https:\/\/kockerols-gemuese.de\/wp-content\/uploads\/2023\/09\/Kohlrabi-1.jpg","contentUrl":"https:\/\/kockerols-gemuese.de\/wp-content\/uploads\/2023\/09\/Kohlrabi-1.jpg","width":800,"height":800},{"@type":"BreadcrumbList","@id":"https:\/\/kockerols-gemuese.de\/product\/kohlrabi\/#breadcrumb","itemListElement":[{"@type":"ListItem","position":1,"name":"Home","item":"https:\/\/kockerols-gemuese.de\/"},{"@type":"ListItem","position":2,"name":"Shop","item":"https:\/\/kockerols-gemuese.de\/de\/shop\/"},{"@type":"ListItem","position":3,"name":"Kohlrabi"}]},{"@type":"WebSite","@id":"https:\/\/kockerols-gemuese.de\/#website","url":"https:\/\/kockerols-gemuese.de\/","name":"Johannes Kockerols Gem\u00fcsegro\u00dfhandel","description":"Frisch vom Niederrhein!","publisher":{"@id":"https:\/\/kockerols-gemuese.de\/#organization"},"alternateName":"Kockerols","potentialAction":[{"@type":"SearchAction","target":{"@type":"EntryPoint","urlTemplate":"https:\/\/kockerols-gemuese.de\/?s={search_term_string}"},"query-input":{"@type":"PropertyValueSpecification","valueRequired":true,"valueName":"search_term_string"}}],"inLanguage":"de"},{"@type":"Organization","@id":"https:\/\/kockerols-gemuese.de\/#organization","name":"Johannes Kockerols Gem\u00fcsegro\u00dfhandel","alternateName":"Kockerols","url":"https:\/\/kockerols-gemuese.de\/","logo":{"@type":"ImageObject","inLanguage":"de","@id":"https:\/\/kockerols-gemuese.de\/#\/schema\/logo\/image\/","url":"https:\/\/kockerols-gemuese.de\/wp-content\/uploads\/2023\/10\/Kockerols_logo-02.jpg","contentUrl":"https:\/\/kockerols-gemuese.de\/wp-content\/uploads\/2023\/10\/Kockerols_logo-02.jpg","width":1773,"height":1772,"caption":"Johannes Kockerols Gem\u00fcsegro\u00dfhandel"},"image":{"@id":"https:\/\/kockerols-gemuese.de\/#\/schema\/logo\/image\/"}}]}},"_links":{"self":[{"href":"https:\/\/kockerols-gemuese.de\/de\/wp-json\/wp\/v2\/product\/7284","targetHints":{"allow":["GET"]}}],"collection":[{"href":"https:\/\/kockerols-gemuese.de\/de\/wp-json\/wp\/v2\/product"}],"about":[{"href":"https:\/\/kockerols-gemuese.de\/de\/wp-json\/wp\/v2\/types\/product"}],"wp:featuredmedia":[{"embeddable":true,"href":"https:\/\/kockerols-gemuese.de\/de\/wp-json\/wp\/v2\/media\/8318"}],"wp:attachment":[{"href":"https:\/\/kockerols-gemuese.de\/de\/wp-json\/wp\/v2\/media?parent=7284"}],"wp:term":[{"taxonomy":"product_brand","embeddable":true,"href":"https:\/\/kockerols-gemuese.de\/de\/wp-json\/wp\/v2\/product_brand?post=7284"},{"taxonomy":"product_cat","embeddable":true,"href":"https:\/\/kockerols-gemuese.de\/de\/wp-json\/wp\/v2\/product_cat?post=7284"},{"taxonomy":"product_tag","embeddable":true,"href":"https:\/\/kockerols-gemuese.de\/de\/wp-json\/wp\/v2\/product_tag?post=7284"}],"curies":[{"name":"wp","href":"https:\/\/api.w.org\/{rel}","templated":true}]}}