{"id":8645,"date":"2023-08-29T12:37:42","date_gmt":"2023-08-29T10:37:42","guid":{"rendered":"https:\/\/kockerols-gemuese.de\/impressum-rechtliche-angaben\/"},"modified":"2026-04-22T11:48:50","modified_gmt":"2026-04-22T09:48:50","slug":"impressum-rechtliche-angaben","status":"publish","type":"page","link":"https:\/\/kockerols-gemuese.de\/de\/impressum-rechtliche-angaben\/","title":{"rendered":"Impressum \u2013 Rechtliche Angaben"},"content":{"rendered":"\t\t<div data-elementor-type=\"wp-page\" data-elementor-id=\"8645\" class=\"elementor elementor-8645 elementor-7066\" data-elementor-post-type=\"page\">\n\t\t\t\t\t\t<section class=\"elementor-section elementor-top-section elementor-element elementor-element-e75d1fb elementor-section-boxed elementor-section-height-default elementor-section-height-default\" data-id=\"e75d1fb\" data-element_type=\"section\" data-e-type=\"section\">\n\t\t\t\t\t\t<div class=\"elementor-container elementor-column-gap-default\">\n\t\t\t\t\t<div class=\"elementor-column elementor-col-50 elementor-top-column elementor-element elementor-element-1c85609 elementor-hidden-tablet elementor-hidden-mobile\" data-id=\"1c85609\" data-element_type=\"column\" data-e-type=\"column\">\n\t\t\t<div class=\"elementor-widget-wrap elementor-element-populated\">\n\t\t\t\t\t\t<div class=\"elementor-element elementor-element-5bed837 elementor-nav-menu--dropdown-tablet elementor-nav-menu__text-align-aside elementor-nav-menu--toggle elementor-nav-menu--burger elementor-widget elementor-widget-nav-menu\" data-id=\"5bed837\" data-element_type=\"widget\" data-e-type=\"widget\" data-settings=\"{&quot;layout&quot;:&quot;vertical&quot;,&quot;submenu_icon&quot;:{&quot;value&quot;:&quot;&lt;i class=\\&quot;fas fa-caret-down\\&quot; aria-hidden=\\&quot;true\\&quot;&gt;&lt;\\\/i&gt;&quot;,&quot;library&quot;:&quot;fa-solid&quot;},&quot;toggle&quot;:&quot;burger&quot;}\" data-widget_type=\"nav-menu.default\">\n\t\t\t\t<div class=\"elementor-widget-container\">\n\t\t\t\t\t\t\t\t<nav aria-label=\"Menu\" class=\"elementor-nav-menu--main elementor-nav-menu__container elementor-nav-menu--layout-vertical e--pointer-background e--animation-fade\">\n\t\t\t\t<ul id=\"menu-1-5bed837\" class=\"elementor-nav-menu sm-vertical\"><li class=\"menu-item menu-item-type-post_type menu-item-object-page menu-item-home menu-item-8853\"><a href=\"https:\/\/kockerols-gemuese.de\/de\/\" class=\"elementor-item\">Startseite<\/a><\/li>\n<li class=\"menu-item menu-item-type-post_type menu-item-object-page menu-item-8858\"><a href=\"https:\/\/kockerols-gemuese.de\/de\/ueber-uns\/\" class=\"elementor-item\">\u00dcber uns<\/a><\/li>\n<li class=\"menu-item menu-item-type-post_type menu-item-object-page menu-item-8856\"><a href=\"https:\/\/kockerols-gemuese.de\/de\/produkte\/\" class=\"elementor-item\">Produkte<\/a><\/li>\n<li class=\"menu-item menu-item-type-post_type menu-item-object-page menu-item-8857\"><a href=\"https:\/\/kockerols-gemuese.de\/de\/produkte\/saisonaler-anbauplan\/\" class=\"elementor-item\">Saisonaler Anbauplan<\/a><\/li>\n<li class=\"menu-item menu-item-type-post_type menu-item-object-page menu-item-8855\"><a href=\"https:\/\/kockerols-gemuese.de\/de\/karriere\/\" class=\"elementor-item\">Karriere<\/a><\/li>\n<li class=\"menu-item menu-item-type-post_type menu-item-object-page current_page_parent menu-item-8854\"><a href=\"https:\/\/kockerols-gemuese.de\/de\/aktuelles\/\" class=\"elementor-item\">Aktuelles<\/a><\/li>\n<li class=\"menu-item menu-item-type-taxonomy menu-item-object-category menu-item-8861\"><a href=\"https:\/\/kockerols-gemuese.de\/de\/category\/blog\/\" class=\"elementor-item\">Blog<\/a><\/li>\n<li class=\"menu-item menu-item-type-taxonomy menu-item-object-category menu-item-8860\"><a href=\"https:\/\/kockerols-gemuese.de\/de\/category\/rezepte\/\" class=\"elementor-item\">Rezepte<\/a><\/li>\n<li class=\"menu-item menu-item-type-taxonomy menu-item-object-category menu-item-8859\"><a href=\"https:\/\/kockerols-gemuese.de\/de\/category\/kochtipps\/\" class=\"elementor-item\">Kochtipps<\/a><\/li>\n<li class=\"menu-item menu-item-type-post_type menu-item-object-page menu-item-8862\"><a href=\"https:\/\/kockerols-gemuese.de\/de\/kontaktieren-sie-uns\/\" class=\"elementor-item\">Kontaktieren Sie uns<\/a><\/li>\n<li class=\"menu-item menu-item-type-post_type menu-item-object-page menu-item-8863\"><a href=\"https:\/\/kockerols-gemuese.de\/de\/impressum-rechtliche-angaben\/\" class=\"elementor-item\">Impressum \u2013 Rechtliche Angaben<\/a><\/li>\n<li class=\"menu-item menu-item-type-post_type menu-item-object-page menu-item-8864\"><a href=\"https:\/\/kockerols-gemuese.de\/de\/datenschutzerklaerung\/\" class=\"elementor-item\">Datenschutzerkl\u00e4rung<\/a><\/li>\n<\/ul>\t\t\t<\/nav>\n\t\t\t\t\t<div class=\"elementor-menu-toggle\" role=\"button\" tabindex=\"0\" aria-label=\"Men\u00fc Umschalter\" aria-expanded=\"false\">\n\t\t\t<i aria-hidden=\"true\" role=\"presentation\" class=\"elementor-menu-toggle__icon--open eicon-menu-bar\"><\/i><i aria-hidden=\"true\" role=\"presentation\" class=\"elementor-menu-toggle__icon--close eicon-close\"><\/i>\t\t<\/div>\n\t\t\t\t\t<nav class=\"elementor-nav-menu--dropdown elementor-nav-menu__container\" aria-hidden=\"true\">\n\t\t\t\t<ul id=\"menu-2-5bed837\" class=\"elementor-nav-menu sm-vertical\"><li class=\"menu-item menu-item-type-post_type menu-item-object-page menu-item-home menu-item-8853\"><a href=\"https:\/\/kockerols-gemuese.de\/de\/\" class=\"elementor-item\" tabindex=\"-1\">Startseite<\/a><\/li>\n<li class=\"menu-item menu-item-type-post_type menu-item-object-page menu-item-8858\"><a href=\"https:\/\/kockerols-gemuese.de\/de\/ueber-uns\/\" class=\"elementor-item\" tabindex=\"-1\">\u00dcber uns<\/a><\/li>\n<li class=\"menu-item menu-item-type-post_type menu-item-object-page menu-item-8856\"><a href=\"https:\/\/kockerols-gemuese.de\/de\/produkte\/\" class=\"elementor-item\" tabindex=\"-1\">Produkte<\/a><\/li>\n<li class=\"menu-item menu-item-type-post_type menu-item-object-page menu-item-8857\"><a href=\"https:\/\/kockerols-gemuese.de\/de\/produkte\/saisonaler-anbauplan\/\" class=\"elementor-item\" tabindex=\"-1\">Saisonaler Anbauplan<\/a><\/li>\n<li class=\"menu-item menu-item-type-post_type menu-item-object-page menu-item-8855\"><a href=\"https:\/\/kockerols-gemuese.de\/de\/karriere\/\" class=\"elementor-item\" tabindex=\"-1\">Karriere<\/a><\/li>\n<li class=\"menu-item menu-item-type-post_type menu-item-object-page current_page_parent menu-item-8854\"><a href=\"https:\/\/kockerols-gemuese.de\/de\/aktuelles\/\" class=\"elementor-item\" tabindex=\"-1\">Aktuelles<\/a><\/li>\n<li class=\"menu-item menu-item-type-taxonomy menu-item-object-category menu-item-8861\"><a href=\"https:\/\/kockerols-gemuese.de\/de\/category\/blog\/\" class=\"elementor-item\" tabindex=\"-1\">Blog<\/a><\/li>\n<li class=\"menu-item menu-item-type-taxonomy menu-item-object-category menu-item-8860\"><a href=\"https:\/\/kockerols-gemuese.de\/de\/category\/rezepte\/\" class=\"elementor-item\" tabindex=\"-1\">Rezepte<\/a><\/li>\n<li class=\"menu-item menu-item-type-taxonomy menu-item-object-category menu-item-8859\"><a href=\"https:\/\/kockerols-gemuese.de\/de\/category\/kochtipps\/\" class=\"elementor-item\" tabindex=\"-1\">Kochtipps<\/a><\/li>\n<li class=\"menu-item menu-item-type-post_type menu-item-object-page menu-item-8862\"><a href=\"https:\/\/kockerols-gemuese.de\/de\/kontaktieren-sie-uns\/\" class=\"elementor-item\" tabindex=\"-1\">Kontaktieren Sie uns<\/a><\/li>\n<li class=\"menu-item menu-item-type-post_type menu-item-object-page menu-item-8863\"><a href=\"https:\/\/kockerols-gemuese.de\/de\/impressum-rechtliche-angaben\/\" class=\"elementor-item\" tabindex=\"-1\">Impressum \u2013 Rechtliche Angaben<\/a><\/li>\n<li class=\"menu-item menu-item-type-post_type menu-item-object-page menu-item-8864\"><a href=\"https:\/\/kockerols-gemuese.de\/de\/datenschutzerklaerung\/\" class=\"elementor-item\" tabindex=\"-1\">Datenschutzerkl\u00e4rung<\/a><\/li>\n<\/ul>\t\t\t<\/nav>\n\t\t\t\t\t\t<\/div>\n\t\t\t\t<\/div>\n\t\t\t\t\t<\/div>\n\t\t<\/div>\n\t\t\t\t<div class=\"elementor-column elementor-col-50 elementor-top-column elementor-element elementor-element-844cb73\" data-id=\"844cb73\" data-element_type=\"column\" data-e-type=\"column\">\n\t\t\t<div class=\"elementor-widget-wrap elementor-element-populated\">\n\t\t\t\t\t\t<div class=\"elementor-element elementor-element-8e22d00 elementor-widget elementor-widget-text-editor\" data-id=\"8e22d00\" data-element_type=\"widget\" data-e-type=\"widget\" data-widget_type=\"text-editor.default\">\n\t\t\t\t<div class=\"elementor-widget-container\">\n\t\t\t\t\t\t\t\t\t<p>Verantwortlich f\u00fcr die Internetseiten von <span data-teams=\"true\">Johannes und Gisela Kockerols GbR<\/span><\/p>\t\t\t\t\t\t\t\t<\/div>\n\t\t\t\t<\/div>\n\t\t\t\t<div class=\"elementor-element elementor-element-3dd0c59 elementor-widget__width-initial elementor-widget elementor-widget-text-editor\" data-id=\"3dd0c59\" data-element_type=\"widget\" data-e-type=\"widget\" data-widget_type=\"text-editor.default\">\n\t\t\t\t<div class=\"elementor-widget-container\">\n\t\t\t\t\t\t\t\t\t<div><div><h3>Anbieterkennung \/ Name und Anschrift<\/h3><p><span data-teams=\"true\">Johannes und Gisela Kockerols GbR<\/span><br>Am Hauserbusch 29<br>47877 Willich<br>Deutschland<\/p><h3>Gesch\u00e4ftsbereich<\/h3><p>Gem\u00fcseanbau<\/p><h3>Gesch\u00e4ftsf\u00fchrung \/ Vertreten durch<\/h3><p>Johannes Kockerols<\/p><h3>Ihr Kontakt bei Kockerols<\/h3><p>Telefon +49 (2154) 958270<br>Fax +49 (2154) 7563<br>E-Mail <a href=\"mailto:mail@kockerols-gemuese.de\">mail@kockerols-gemuese.de<\/a><br>Web <a href=\"http:\/\/www.kockerols-gemuese.de\">www.kockerols-gemuese.de<\/a><\/p><div><div><h3> <\/h3><h3>Registereintrag \/ Zust\u00e4ndiges Gericht<\/h3><p>121\/5997\/1121<\/p><h2>Umsatzsteuer-Identifikationsnummer<\/h2><p>DE268 042 126<\/p><p> <\/p><p> <\/p><\/div><div><h3>Haftungshinweis<\/h3><p>Trotz sorgf\u00e4ltiger Pr\u00fcfung der Inhalte \u00fcbernehmen wir keine Haftung f\u00fcr die Inhalte externer Links. F\u00fcr den Inhalt der verlinkten Seiten sind ausschlie\u00dflich deren Betreiber verantwortlich. <\/p><h3>Online-Streitbeilegung und Streitschlichtung<\/h3><p>Die Europ\u00e4ische Kommission stellt eine Plattform zur Online-Streitbeilegung (OS) bereit, die unter <a href=\"https:\/\/ec.europa.eu\/consumers\/odr\">https:\/\/ec.europa.eu\/consumers\/odr<\/a>\/ abrufbar ist. Wir sind bereit, an einem au\u00dfergerichtlichen Schlichtungsverfahren vor einer Verbraucherschlichtungsstelle teilzunehmen. <\/p><\/div><\/div><\/div><\/div>\t\t\t\t\t\t\t\t<\/div>\n\t\t\t\t<\/div>\n\t\t\t\t\t<\/div>\n\t\t<\/div>\n\t\t\t\t\t<\/div>\n\t\t<\/section>\n\t\t\t\t<section class=\"elementor-section elementor-top-section elementor-element elementor-element-e77864f elementor-section-boxed elementor-section-height-default elementor-section-height-default\" data-id=\"e77864f\" data-element_type=\"section\" data-e-type=\"section\">\n\t\t\t\t\t\t<div class=\"elementor-container elementor-column-gap-default\">\n\t\t\t\t\t<div class=\"elementor-column elementor-col-50 elementor-top-column elementor-element elementor-element-641b2e4 elementor-hidden-tablet elementor-hidden-mobile\" data-id=\"641b2e4\" data-element_type=\"column\" data-e-type=\"column\">\n\t\t\t<div class=\"elementor-widget-wrap\">\n\t\t\t\t\t\t\t<\/div>\n\t\t<\/div>\n\t\t\t\t<div class=\"elementor-column elementor-col-50 elementor-top-column elementor-element elementor-element-80c2964\" data-id=\"80c2964\" data-element_type=\"column\" data-e-type=\"column\">\n\t\t\t<div class=\"elementor-widget-wrap elementor-element-populated\">\n\t\t\t\t\t\t<div class=\"elementor-element elementor-element-2af239d elementor-widget__width-initial elementor-widget elementor-widget-text-editor\" data-id=\"2af239d\" data-element_type=\"widget\" data-e-type=\"widget\" data-widget_type=\"text-editor.default\">\n\t\t\t\t<div class=\"elementor-widget-container\">\n\t\t\t\t\t\t\t\t\t<div>\n<div>\n<h3>Bildnachweise &amp; Urheberrechte<\/h3>\n<div>Angabe der Urheber und Quellen von Fotos, Videos, Grafiken und Icons, die auf den Kockerols-Webseiten verwendet werden:<\/div>\n<div>&nbsp;<\/div>\n<ul>\n<li>Bild Organic Hydroponics Vegetable for salad green frillice iceberg lettuce, Cos, Buttter Head, Red Coral leaf isolated on white background \u00a9 Adobe Stock \u2013 <a href=\"https:\/\/stock.adobe.com\/\" target=\"_blank\">stock.adobe.com<\/a> (von Thapanon Phoonchai) #264525073 \/ <a href=\"https:\/\/kockerols-gemuese.de\/\">Link zur Verwendung<\/a> (Startseite, Kontakt)<br><\/li>\n<li>Bild Chinese cabbage \u00a9 Adobe Stock \u2013 <a href=\"https:\/\/stock.adobe.com\/\">stock.adobe.com<\/a> (von Bozena Fulawka) #47222534 \/ <a href=\"https:\/\/kockerols-gemuese.de\/product\/chinese-cabbage\/\">Link zur Verwendung<\/a> (Startseite, Produkte)<br><\/li>\n<li>Bild pointed cabbage isolated on white background \u00a9 Adobe Stock \u2013 <a href=\"https:\/\/stock.adobe.com\/\" target=\"_blank\">stock.adobe.com<\/a> (von akepong srichaichana) #494414016 \/ <a href=\"https:\/\/kockerols-gemuese.de\/product\/pointed-cabbage\/\" target=\"_blank\">Link zur Verwendung<\/a> (Startseite, Produkte)<br><\/li>\n<li>Bild Ripe Savoy cabbage isolated on white \u00a9 Adobe Stock \u2013 <a href=\"https:\/\/stock.adobe.com\/\" target=\"_blank\">stock.adobe.com<\/a> (von Serhiy Shullye) #47324451 \/ <a href=\"https:\/\/kockerols-gemuese.de\/product\/savoy-cabbage\/\" target=\"_blank\">Link zur Verwendung<\/a> (Startseite, Produkte)<br><\/li>\n<li>Bild Red cabbage isolated on transparent background. PNG \u00a9 Adobe Stock \u2013 &nbsp;<a href=\"https:\/\/stock.adobe.com\/\" target=\"_blank\">stock.adobe.com<\/a> (von PotaeRin) #593207273 \/&nbsp;<a href=\"https:\/\/kockerols-gemuese.de\/product\/red-cabbage\/\" target=\"_blank\">Link zur Verwendung<\/a> (Startseite, Produkte)<br><\/li>\n<li>Bild whole green cabbage isolated on white \u00a9 Adobe Stock \u2013 <a href=\"https:\/\/stock.adobe.com\/\" target=\"_blank\">stock.adobe.com<\/a> (von Africa Studio) #36956756 \/ <a href=\"https:\/\/kockerols-gemuese.de\/product\/white-cabbage\/\" target=\"_blank\">Link zur Verwendung<\/a> (Startseite, Produkte)<br><\/li>\n<li>Bild cauliflower isolated on transparent background cutout \u00a9 Adobe Stock \u2013 <a href=\"https:\/\/stock.adobe.com\/\" target=\"_blank\">stock.adobe.com<\/a> (von Papugrat) #620191026 \/ <a href=\"https:\/\/kockerols-gemuese.de\/product\/cauliflower\/\" target=\"_blank\">Link zur Verwendung<\/a> (Startseite, Produkte)<br><\/li>\n<li>Bild celery root with leaf isolated on white background. Celery isolated on white. Healthy food \u00a9 Adobe Stock \u2013 <a href=\"https:\/\/stock.adobe.com\/\" target=\"_blank\">stock.adobe.com<\/a> (von Dmytro) #185298013 \/  &nbsp;<a href=\"https:\/\/kockerols-gemuese.de\/product\/celeriac\/\" target=\"_blank\">Link zur Verwendung<\/a> (Startseite, Produkte)<br><\/li>\n<li>Bild fresh kohlrabi with drop of water isolated on white background \u00a9 Adobe Stock \u2013 <a href=\"https:\/\/stock.adobe.com\/\" target=\"_blank\">stock.adobe.com<\/a> (von boonchuay1970) #143239700 \/ <a href=\"https:\/\/kockerols-gemuese.de\/product\/kohlrabi\/\" target=\"_blank\">Link zur Verwendung<\/a> (Startseite, Produkte)<br><\/li>\n<li>Bild Lollo Rosso \u00a9 Adobe Stock \u2013 <a href=\"https:\/\/stock.adobe.com\/\" target=\"_blank\">stock.adobe.com<\/a> (von VRD) #20517274 \/ <a href=\"https:\/\/kockerols-gemuese.de\/product\/lollo-rossa\/\" target=\"_blank\">Link zur Verwendung<\/a> (Startseite, Produkte)<br><\/li>\n<li>Bild Oak leaf lettuce \u00a9 Adobe Stock \u2013 <a href=\"https:\/\/stock.adobe.com\/\" target=\"_blank\">stock.adobe.com<\/a> (von thodonal) #68025681 \/ <a href=\"https:\/\/kockerols-gemuese.de\/product\/oak-leaf-lettuce-raisa\/\" target=\"_blank\">Link zur Verwendung<\/a> (Startseite, Produkte)<br><\/li>\n<li>Bild Lollo Bionda \u00a9 Adobe Stock \u2013 <a href=\"https:\/\/stock.adobe.com\/\" target=\"_blank\">stock.adobe.com<\/a> (von MissesJones) #66340924 \/ <a href=\"https:\/\/kockerols-gemuese.de\/product\/lollo-bionda\/\" target=\"_blank\">Link zur Verwendung<\/a> (Startseite, Produkte)<br><\/li>\n<li>Bild Green Iceberg lettuce on transparent png \u00a9 Adobe Stock \u2013 <a href=\"https:\/\/stock.adobe.com\/\" target=\"_blank\">stock.adobe.com<\/a> (von supamas) #541604925 \/ <a href=\"https:\/\/kockerols-gemuese.de\/product\/iceberg\/\" target=\"_blank\">Link zur Verwendung<\/a> (Startseite, Produkte)<br><\/li>\n<li>Bild A cos lettuce and a single leaf \u00a9 Adobe Stock \u2013 <a href=\"https:\/\/stock.adobe.com\/\" target=\"_blank\">stock.adobe.com<\/a> (von superfood) #89492382 \/ <a href=\"https:\/\/kockerols-gemuese.de\/product\/romana\/\" target=\"_blank\">Link zur Verwendung<\/a> (Startseite, Produkte)<br><\/li>\n<li>Bild Fresh lettuce \u2013 <a href=\"https:\/\/stock.adobe.com\/\" target=\"_blank\">stock.adobe.com<\/a> (von gavran333) #53590332 \/ <a href=\"https:\/\/kockerols-gemuese.de\/product\/lettuce\/\" target=\"_blank\">Link zur Verwendung<\/a> (Startseite, Produkte)<br><\/li>\n<li>Bild Fresh salad red green lettuce leaves falling in the air isolated on transparent background. PNG \u00a9 Adobe Stock \u2013&nbsp;<a href=\"https:\/\/stock.adobe.com\/\" target=\"_blank\">stock.adobe.com<\/a> (von PotaeRin) #575271633 \/&nbsp;<a href=\"https:\/\/kockerols-gemuese.de\/\" target=\"_blank\">Link zur Verwendung<\/a> (Startseite, \u00dcber uns, Kontakt)<br><\/li>\n<li>f\u00fcr alle weiteren Bilder und Videos \u00a9 Johannes Kockerols Gem\u00fcsegro\u00dfhandel<\/li>\n<\/ul>\n<\/div>\n<\/div>\t\t\t\t\t\t\t\t<\/div>\n\t\t\t\t<\/div>\n\t\t\t\t\t<\/div>\n\t\t<\/div>\n\t\t\t\t\t<\/div>\n\t\t<\/section>\n\t\t\t\t<\/div>\n\t\t","protected":false},"excerpt":{"rendered":"<p>Verantwortlich f\u00fcr die Internetseiten von Johannes und Gisela Kockerols GbR Anbieterkennung \/ Name und Anschrift Johannes und Gisela Kockerols GbRAm Hauserbusch 2947877 WillichDeutschland Gesch\u00e4ftsbereich Gem\u00fcseanbau Gesch\u00e4ftsf\u00fchrung \/ Vertreten durch Johannes Kockerols Ihr Kontakt bei Kockerols Telefon +49 (2154) 958270Fax +49 (2154) 7563E-Mail mail@kockerols-gemuese.deWeb www.kockerols-gemuese.de Registereintrag \/ Zust\u00e4ndiges Gericht 121\/5997\/1121 Umsatzsteuer-Identifikationsnummer DE268 042 126 Haftungshinweis Trotz [&hellip;]<\/p>\n","protected":false},"author":1,"featured_media":0,"parent":0,"menu_order":0,"comment_status":"closed","ping_status":"closed","template":"","meta":{"inline_featured_image":false,"footnotes":""},"class_list":["post-8645","page","type-page","status-publish","hentry"],"_links":{"self":[{"href":"https:\/\/kockerols-gemuese.de\/de\/wp-json\/wp\/v2\/pages\/8645","targetHints":{"allow":["GET"]}}],"collection":[{"href":"https:\/\/kockerols-gemuese.de\/de\/wp-json\/wp\/v2\/pages"}],"about":[{"href":"https:\/\/kockerols-gemuese.de\/de\/wp-json\/wp\/v2\/types\/page"}],"author":[{"embeddable":true,"href":"https:\/\/kockerols-gemuese.de\/de\/wp-json\/wp\/v2\/users\/1"}],"replies":[{"embeddable":true,"href":"https:\/\/kockerols-gemuese.de\/de\/wp-json\/wp\/v2\/comments?post=8645"}],"version-history":[{"count":12,"href":"https:\/\/kockerols-gemuese.de\/de\/wp-json\/wp\/v2\/pages\/8645\/revisions"}],"predecessor-version":[{"id":8957,"href":"https:\/\/kockerols-gemuese.de\/de\/wp-json\/wp\/v2\/pages\/8645\/revisions\/8957"}],"wp:attachment":[{"href":"https:\/\/kockerols-gemuese.de\/de\/wp-json\/wp\/v2\/media?parent=8645"}],"curies":[{"name":"wp","href":"https:\/\/api.w.org\/{rel}","templated":true}]}}